{"id":3606,"date":"2020-04-15T07:14:31","date_gmt":"2020-04-15T07:14:31","guid":{"rendered":"https:\/\/eurorail.adeo-dev.fr\/contacts\/"},"modified":"2026-03-11T18:09:29","modified_gmt":"2026-03-11T17:09:29","slug":"contacts","status":"publish","type":"page","link":"https:\/\/eurorail.eu\/de\/contacts\/","title":{"rendered":"Contacts"},"content":{"rendered":"<p>[vc_row][vc_column][vc_empty_space height=&#8220;2.3em&#8220; alter_height=&#8220;none&#8220; hide_on_mobile=&#8220;&#8220;][vc_single_image image=&#8220;7557&#8243; img_size=&#8220;large&#8220; alignment=&#8220;center&#8220;][\/vc_column][\/vc_row][vc_row full_width=&#8220;stretch_row&#8220;][vc_column]<div id=\"sc_title_2046590527\"\n\t\tclass=\"sc_title sc_title_default  vc_custom_1773248963664\"><h2 class=\"sc_item_title sc_title_title sc_align_left sc_item_title_style_default\"><\/p>\n<p><center>Senden Sie uns eine Nachricht<\/center><\/h2><\/div><!-- \/.sc_title -->\n<div class=\"wpcf7 no-js\" id=\"wpcf7-f3856-o1\" lang=\"de-DE\" dir=\"ltr\" data-wpcf7-id=\"3856\">\n<div class=\"screen-reader-response\"><p role=\"status\" aria-live=\"polite\" aria-atomic=\"true\"><\/p> <ul><\/ul><\/div>\n<form action=\"\/de\/wp-json\/wp\/v2\/pages\/3606#wpcf7-f3856-o1\" method=\"post\" class=\"wpcf7-form init\" aria-label=\"Kontaktformular\" novalidate=\"novalidate\" data-status=\"init\">\n<fieldset class=\"hidden-fields-container\"><input type=\"hidden\" name=\"_wpcf7\" value=\"3856\" \/><input type=\"hidden\" name=\"_wpcf7_version\" value=\"6.1.5\" \/><input type=\"hidden\" name=\"_wpcf7_locale\" value=\"de_DE\" \/><input type=\"hidden\" name=\"_wpcf7_unit_tag\" value=\"wpcf7-f3856-o1\" \/><input type=\"hidden\" name=\"_wpcf7_container_post\" value=\"0\" \/><input type=\"hidden\" name=\"_wpcf7_posted_data_hash\" value=\"\" \/><input type=\"hidden\" name=\"_wpcf7_recaptcha_response\" value=\"\" \/>\n<\/fieldset>\n<div class=\"contact_us\">\n\t<div class=\"flex\">\n\t\t<div class='itm row' >\n\t\t\t<p><span class=\"wpcf7-form-control-wrap\" data-name=\"your-name\"><input size=\"40\" maxlength=\"400\" class=\"wpcf7-form-control wpcf7-text wpcf7-validates-as-required\" aria-required=\"true\" aria-invalid=\"false\" placeholder=\"Namen *\" value=\"\" type=\"text\" name=\"your-name\" \/><\/span>\n\t\t\t<\/p>\n\t\t<\/div>\n\t\t<div class='itm row'>\n\t\t\t<p><span class=\"wpcf7-form-control-wrap\" data-name=\"your-email\"><input size=\"40\" maxlength=\"400\" class=\"wpcf7-form-control wpcf7-text wpcf7-validates-as-required\" aria-required=\"true\" aria-invalid=\"false\" placeholder=\"Email *\" value=\"\" type=\"text\" name=\"your-email\" \/><\/span>\n\t\t\t<\/p>\n\t\t<\/div>\n\t<\/div>\n\t<center>\n\t\t<div class=''>\n\t\t\t<p><span class=\"wpcf7-form-control-wrap\" data-name=\"your-message\"><textarea cols=\"40\" rows=\"10\" maxlength=\"2000\" class=\"wpcf7-form-control wpcf7-textarea wpcf7-validates-as-required\" aria-required=\"true\" aria-invalid=\"false\" placeholder=\"Bericht *\" name=\"your-message\"><\/textarea><\/span>\n\t\t\t<\/p>\n\t\t<\/div>\n\t<\/center>\n\t<p><span class=\"wpcf7-form-control-wrap\" data-name=\"acceptance-157\"><span class=\"wpcf7-form-control wpcf7-acceptance\"><span class=\"wpcf7-list-item\"><label><input type=\"checkbox\" name=\"acceptance-157\" value=\"1\" aria-invalid=\"false\" \/><span class=\"wpcf7-list-item-label\">Ich bin damit einverstanden dass meine kommunizierte Daten gesammelt und gespeichert werden.<\/span><\/label><\/span><\/span><\/span>\n\t<\/p>\n\t<div class=\"sc_form_field sc_form_field_button sc_form_field_submit\">\n\t\t<p><input class=\"wpcf7-form-control wpcf7-submit has-spinner\" type=\"submit\" value=\"Bericht senden\" \/>\n\t\t<\/p>\n\t<\/div>\n<\/div><div class=\"wpcf7-response-output\" aria-hidden=\"true\"><\/div>\n<\/form>\n<\/div>\n[\/vc_column][\/vc_row][vc_row][vc_column][vc_empty_space height=&#8220;2.3em&#8220; alter_height=&#8220;none&#8220; hide_on_mobile=&#8220;&#8220;][\/vc_column][\/vc_row][vc_row full_width=&#8220;stretch_row&#8220; css=&#8220;.vc_custom_1585839741616{padding-bottom: 30px !important;}&#8220;][vc_column]<div id=\"sc_title_1708821254\"\n\t\tclass=\"sc_title sc_title_default  vc_custom_1585838315248\"><h2 class=\"sc_item_title sc_title_title sc_align_left sc_item_title_style_default\"><\/p>\n<p><center>So finden Sie uns<\/center><\/h2><\/div><!-- \/.sc_title -->[\/vc_column][\/vc_row][vc_row full_width=&#8220;stretch_row_content_no_spaces&#8220; css=&#8220;.vc_custom_1585839630556{background-color: rgba(117,122,125,0.05) !important;*background-color: rgb(117,122,125) !important;}&#8220;][vc_column width=&#8220;1\/2&#8243;]<div id=\"sc_content_499316593\"\n\t\tclass=\"sc_content sc_content_default sc_content_width_1_2\"><div class=\"sc_content_container\">[vc_row_inner][vc_column_inner width=&#8220;1\/2&#8243;][vc_column_text el_class=&#8220;lien_maps&#8220;]<strong>EURORAIL FRANCE<\/strong><br \/>\n<a href=\"https:\/\/www.google.com\/maps\/place\/Nortrans+SA\/@42.526663,2.824193,15z\/data=!4m5!3m4!1s0x0:0xfa5cb41380e0c81d!8m2!3d42.5266627!4d2.8241928?hl=fr\">Camp de la Basse &#8211; Autoport<br \/>\nBP 20207<br \/>\n66161 Le Boulou CEDEX<\/a>[\/vc_column_text][\/vc_column_inner][vc_column_inner width=&#8220;1\/2&#8243;][vc_column_text]<a href=\"https:\/\/www.google.com\/maps\/place\/Nortrans+SA\/@42.526663,2.824193,15z\/data=!4m5!3m4!1s0x0:0xfa5cb41380e0c81d!8m2!3d42.5266627!4d2.8241928?hl=fr\">FRANCE<\/a><br \/>\n<a href=\"tel:+33 (0)4 68 83 55 00\">+33 (0)4 68 83 55 00<\/a>[\/vc_column_text][\/vc_column_inner][\/vc_row_inner]<\/div><\/div><!-- \/.sc_content -->[vc_empty_space height=&#8220;2em&#8220; alter_height=&#8220;none&#8220; hide_on_mobile=&#8220;&#8220;][vc_empty_space height=&#8220;2em&#8220; alter_height=&#8220;none&#8220; hide_on_mobile=&#8220;&#8220;][\/vc_column][vc_column width=&#8220;1\/2&#8243; offset=&#8220;vc_hidden-xs&#8220;][vc_gmaps link=&#8220;#E-8_JTNDaWZyYW1lJTIwc3JjJTNEJTIyaHR0cHMlM0ElMkYlMkZ3d3cuZ29vZ2xlLmNvbSUyRm1hcHMlMkZlbWJlZCUzRnBiJTNEJTIxMW0xOCUyMTFtMTIlMjExbTMlMjExZDYyMzAuMzY4Mzk0MTIzNzk3JTIxMmQyLjgxODQ2NzMzMjYxODA0NiUyMTNkNDIuNTI2NzgzNzQ0OTUwOTI2JTIxMm0zJTIxMWYwJTIxMmYwJTIxM2YwJTIxM20yJTIxMWkxMDI0JTIxMmk3NjglMjE0ZjEzLjElMjEzbTMlMjExbTIlMjExczB4MCUyNTNBMHg0NDNlZjdiNjc4MjRmODczJTIxMnNFdXJvcmFpbCUyNTIwRnJhbmNlJTI1MjBIb2xkaW5nJTI1MjBhbmQlMjUyMFNlcnZpY2VzJTI1MjBTQVMlMjE1ZTAlMjEzbTIlMjExc2ZyJTIxMnNmciUyMTR2MTU4NjI0NTE4NDI1NSUyMTVtMiUyMTFzZnIlMjEyc2ZyJTIyJTIwd2lkdGglM0QlMjI2MDAlMjIlMjBoZWlnaHQlM0QlMjI0NTAlMjIlMjBmcmFtZWJvcmRlciUzRCUyMjAlMjIlMjBzdHlsZSUzRCUyMmJvcmRlciUzQTAlM0IlMjIlMjBhbGxvd2Z1bGxzY3JlZW4lM0QlMjIlMjIlMjBhcmlhLWhpZGRlbiUzRCUyMmZhbHNlJTIyJTIwdGFiaW5kZXglM0QlMjIwJTIyJTNFJTNDJTJGaWZyYW1lJTNF&#8220; size=&#8220;175&#8243;][\/vc_column][\/vc_row][vc_row][vc_column][vc_empty_space height=&#8220;4.3em&#8220; alter_height=&#8220;none&#8220; hide_on_mobile=&#8220;&#8220;][\/vc_column][\/vc_row][vc_row full_width=&#8220;stretch_row_content_no_spaces&#8220; css=&#8220;.vc_custom_1585838398904{background-color: rgba(117,122,125,0.05) !important;*background-color: rgb(117,122,125) !important;}&#8220;][vc_column width=&#8220;1\/2&#8243; offset=&#8220;vc_hidden-xs&#8220;][vc_gmaps link=&#8220;#E-8_JTNDaWZyYW1lJTIwc3JjJTNEJTIyaHR0cHMlM0ElMkYlMkZ3d3cuZ29vZ2xlLmNvbSUyRm1hcHMlMkZlbWJlZCUzRnBiJTNEJTIxMW0xOCUyMTFtMTIlMjExbTMlMjExZDI1MTUuNDAyOTI3NzM4NzY1JTIxMmQ0LjA0MjIyNzYxNTkyMDk0NSUyMTNkNTAuOTE2MjYzMDYxNTcxNTM0JTIxMm0zJTIxMWYwJTIxMmYwJTIxM2YwJTIxM20yJTIxMWkxMDI0JTIxMmk3NjglMjE0ZjEzLjElMjEzbTMlMjExbTIlMjExczB4NDdjM2JkMTYwNjcyMDRmZiUyNTNBMHhlOWRjNDA4NWExNzRlNjUxJTIxMnNFdXJvcmFpbCUyNTIwSW50ZXJuYXRpb25hbCUyMTVlMCUyMTNtMiUyMTFzZnIlMjEyc2ZyJTIxNHYxNTg1OTE2NDIxMjI4JTIxNW0yJTIxMXNmciUyMTJzZnIlMjIlMjB3aWR0aCUzRCUyMjYwMCUyMiUyMGhlaWdodCUzRCUyMjQ1MCUyMiUyMGZyYW1lYm9yZGVyJTNEJTIyMCUyMiUyMHN0eWxlJTNEJTIyYm9yZGVyJTNBMCUzQiUyMiUyMGFsbG93ZnVsbHNjcmVlbiUzRCUyMiUyMiUyMGFyaWEtaGlkZGVuJTNEJTIyZmFsc2UlMjIlMjB0YWJpbmRleCUzRCUyMjAlMjIlM0UlM0MlMkZpZnJhbWUlM0U=&#8220; size=&#8220;175&#8243;][\/vc_column][vc_column width=&#8220;1\/2&#8243;]<div id=\"sc_content_1021611089\"\n\t\tclass=\"sc_content sc_content_default sc_content_width_1_2\"><div class=\"sc_content_container\">[vc_row_inner][vc_column_inner width=&#8220;1\/2&#8243;][vc_column_text]<strong>EURORAIL INTERNATIONAL NV<\/strong><br \/>\n<a href=\"https:\/\/www.google.com\/maps?ll=50.91626,4.044416&amp;z=15&amp;t=m&amp;hl=fr&amp;gl=FR&amp;mapclient=embed&amp;cid=16851414848397174353\">Ninovesteenweg 190<br \/>\nBuilding Keppekouter 4<br \/>\n9320 Aalst (Erembodegem)<\/a>[\/vc_column_text][\/vc_column_inner][vc_column_inner width=&#8220;1\/2&#8243;][vc_column_text]<a href=\"https:\/\/www.google.com\/maps?ll=50.91626,4.044416&amp;z=15&amp;t=m&amp;hl=fr&amp;gl=FR&amp;mapclient=embed&amp;cid=16851414848397174353\">BELGIUM<\/a><br \/>\n<a href=\"tel:+32 (0) 53 60 65 30\">+32 (0) 53 60 65 30<\/a>[\/vc_column_text][\/vc_column_inner][\/vc_row_inner]<\/div><\/div><!-- \/.sc_content -->[vc_empty_space height=&#8220;2em&#8220; alter_height=&#8220;none&#8220; hide_on_mobile=&#8220;&#8220;][vc_empty_space height=&#8220;2em&#8220; alter_height=&#8220;none&#8220; hide_on_mobile=&#8220;&#8220;][\/vc_column][\/vc_row][vc_row][vc_column][vc_empty_space height=&#8220;4.3em&#8220; alter_height=&#8220;none&#8220; hide_on_mobile=&#8220;&#8220;][\/vc_column][\/vc_row][vc_row full_width=&#8220;stretch_row_content_no_spaces&#8220; css=&#8220;.vc_custom_1585839649091{background-color: rgba(117,122,125,0.05) !important;*background-color: rgb(117,122,125) !important;}&#8220;][vc_column width=&#8220;1\/2&#8243;][vc_empty_space height=&#8220;2em&#8220; alter_height=&#8220;none&#8220; hide_on_mobile=&#8220;&#8220;]<div id=\"sc_content_484971801\"\n\t\tclass=\"sc_content sc_content_default sc_content_width_1_2\"><div class=\"sc_content_container\">[vc_row_inner][vc_column_inner width=&#8220;1\/2&#8243;][vc_column_text]<strong>EURORAIL ITALIA S.P.A.<\/strong><br \/>\n<a href=\"https:\/\/www.google.com\/maps?ll=44.858886,10.237505&amp;z=15&amp;t=m&amp;hl=fr&amp;gl=FR&amp;mapclient=embed&amp;cid=1567199463046480240\">Interporto<br \/>\nVia Vienna<br \/>\n43010 Fontevivo (PR)<\/a>[\/vc_column_text][\/vc_column_inner][vc_column_inner width=&#8220;1\/2&#8243;][vc_column_text]<a href=\"https:\/\/www.google.com\/maps?ll=44.858886,10.237505&amp;z=15&amp;t=m&amp;hl=fr&amp;gl=FR&amp;mapclient=embed&amp;cid=1567199463046480240\">ITALY<\/a><br \/>\n<a href=\"tel: +39 05 21 61 75 20\"> +39 05 21 61 75 20<\/a>[\/vc_column_text][\/vc_column_inner][\/vc_row_inner]<\/div><\/div><!-- \/.sc_content -->[vc_empty_space height=&#8220;2em&#8220; alter_height=&#8220;none&#8220; hide_on_mobile=&#8220;&#8220;][\/vc_column][vc_column width=&#8220;1\/2&#8243; offset=&#8220;vc_hidden-xs&#8220;][vc_gmaps link=&#8220;#E-8_JTNDaWZyYW1lJTIwc3JjJTNEJTIyaHR0cHMlM0ElMkYlMkZ3d3cuZ29vZ2xlLmNvbSUyRm1hcHMlMkZlbWJlZCUzRnBiJTNEJTIxMW0xOCUyMTFtMTIlMjExbTMlMjExZDI4MjguMTY3MjUzMTA0NzkyNSUyMTJkMTAuMjM1MzE2MDE1NjA0NjUxJTIxM2Q0NC44NTg4ODk3ODE2NDg1OCUyMTJtMyUyMTFmMCUyMTJmMCUyMTNmMCUyMTNtMiUyMTFpMTAyNCUyMTJpNzY4JTIxNGYxMy4xJTIxM20zJTIxMW0yJTIxMXMweDQ3ODA0MjVmZTgxN2M2OGQlMjUzQTB4MTViZmNmOWJiNzExODE3MCUyMTJzRXVyb3JhaWwlMjUyMEl0YWxpYSUyNTIwU3JsJTIxNWUwJTIxM20yJTIxMXNmciUyMTJzZnIlMjE0djE1ODU4Mzk0MDkyNjYlMjE1bTIlMjExc2ZyJTIxMnNmciUyMiUyMHdpZHRoJTNEJTIyNjAwJTIyJTIwaGVpZ2h0JTNEJTIyNDUwJTIyJTIwZnJhbWVib3JkZXIlM0QlMjIwJTIyJTIwc3R5bGUlM0QlMjJib3JkZXIlM0EwJTNCJTIyJTIwYWxsb3dmdWxsc2NyZWVuJTNEJTIyJTIyJTIwYXJpYS1oaWRkZW4lM0QlMjJmYWxzZSUyMiUyMHRhYmluZGV4JTNEJTIyMCUyMiUzRSUzQyUyRmlmcmFtZSUzRQ==&#8220; size=&#8220;175&#8243;][\/vc_column][\/vc_row][vc_row][vc_column][vc_empty_space height=&#8220;7em&#8220; alter_height=&#8220;none&#8220; hide_on_mobile=&#8220;&#8220;][\/vc_column][\/vc_row][vc_row][vc_column][\/vc_column][\/vc_row]<\/p>\n","protected":false},"excerpt":{"rendered":"<p>[vc_row][vc_column][vc_empty_space height=&#8220;2.3em&#8220; alter_height=&#8220;none&#8220; hide_on_mobile=&#8220;&#8220;][vc_single_image image=&#8220;7557&#8243; img_size=&#8220;large&#8220; alignment=&#8220;center&#8220;][\/vc_column][\/vc_row][vc_row full_width=&#8220;stretch_row&#8220;][vc_column][\/vc_column][\/vc_row][vc_row][vc_column][vc_empty_space height=&#8220;2.3em&#8220; alter_height=&#8220;none&#8220; hide_on_mobile=&#8220;&#8220;][\/vc_column][\/vc_row][vc_row full_width=&#8220;stretch_row&#8220; css=&#8220;.vc_custom_1585839741616{padding-bottom: 30px !important;}&#8220;][vc_column][\/vc_column][\/vc_row][vc_row full_width=&#8220;stretch_row_content_no_spaces&#8220; css=&#8220;.vc_custom_1585839630556{background-color: rgba(117,122,125,0.05) !important;*background-color: rgb(117,122,125) !important;}&#8220;][vc_column width=&#8220;1\/2&#8243;][vc_empty_space height=&#8220;2em&#8220; alter_height=&#8220;none&#8220; hide_on_mobile=&#8220;&#8220;][vc_empty_space height=&#8220;2em&#8220; alter_height=&#8220;none&#8220; hide_on_mobile=&#8220;&#8220;][\/vc_column][vc_column width=&#8220;1\/2&#8243; offset=&#8220;vc_hidden-xs&#8220;][vc_gmaps link=&#8220;#E-8_JTNDaWZyYW1lJTIwc3JjJTNEJTIyaHR0cHMlM0ElMkYlMkZ3d3cuZ29vZ2xlLmNvbSUyRm1hcHMlMkZlbWJlZCUzRnBiJTNEJTIxMW0xOCUyMTFtMTIlMjExbTMlMjExZDYyMzAuMzY4Mzk0MTIzNzk3JTIxMmQyLjgxODQ2NzMzMjYxODA0NiUyMTNkNDIuNTI2NzgzNzQ0OTUwOTI2JTIxMm0zJTIxMWYwJTIxMmYwJTIxM2YwJTIxM20yJTIxMWkxMDI0JTIxMmk3NjglMjE0ZjEzLjElMjEzbTMlMjExbTIlMjExczB4MCUyNTNBMHg0NDNlZjdiNjc4MjRmODczJTIxMnNFdXJvcmFpbCUyNTIwRnJhbmNlJTI1MjBIb2xkaW5nJTI1MjBhbmQlMjUyMFNlcnZpY2VzJTI1MjBTQVMlMjE1ZTAlMjEzbTIlMjExc2ZyJTIxMnNmciUyMTR2MTU4NjI0NTE4NDI1NSUyMTVtMiUyMTFzZnIlMjEyc2ZyJTIyJTIwd2lkdGglM0QlMjI2MDAlMjIlMjBoZWlnaHQlM0QlMjI0NTAlMjIlMjBmcmFtZWJvcmRlciUzRCUyMjAlMjIlMjBzdHlsZSUzRCUyMmJvcmRlciUzQTAlM0IlMjIlMjBhbGxvd2Z1bGxzY3JlZW4lM0QlMjIlMjIlMjBhcmlhLWhpZGRlbiUzRCUyMmZhbHNlJTIyJTIwdGFiaW5kZXglM0QlMjIwJTIyJTNFJTNDJTJGaWZyYW1lJTNF&#8220; size=&#8220;175&#8243;][\/vc_column][\/vc_row][vc_row][vc_column][vc_empty_space height=&#8220;4.3em&#8220; alter_height=&#8220;none&#8220; hide_on_mobile=&#8220;&#8220;][\/vc_column][\/vc_row][vc_row full_width=&#8220;stretch_row_content_no_spaces&#8220; css=&#8220;.vc_custom_1585838398904{background-color: rgba(117,122,125,0.05) !important;*background-color: rgb(117,122,125) !important;}&#8220;][vc_column width=&#8220;1\/2&#8243; offset=&#8220;vc_hidden-xs&#8220;][vc_gmaps link=&#8220;#E-8_JTNDaWZyYW1lJTIwc3JjJTNEJTIyaHR0cHMlM0ElMkYlMkZ3d3cuZ29vZ2xlLmNvbSUyRm1hcHMlMkZlbWJlZCUzRnBiJTNEJTIxMW0xOCUyMTFtMTIlMjExbTMlMjExZDI1MTUuNDAyOTI3NzM4NzY1JTIxMmQ0LjA0MjIyNzYxNTkyMDk0NSUyMTNkNTAuOTE2MjYzMDYxNTcxNTM0JTIxMm0zJTIxMWYwJTIxMmYwJTIxM2YwJTIxM20yJTIxMWkxMDI0JTIxMmk3NjglMjE0ZjEzLjElMjEzbTMlMjExbTIlMjExczB4NDdjM2JkMTYwNjcyMDRmZiUyNTNBMHhlOWRjNDA4NWExNzRlNjUxJTIxMnNFdXJvcmFpbCUyNTIwSW50ZXJuYXRpb25hbCUyMTVlMCUyMTNtMiUyMTFzZnIlMjEyc2ZyJTIxNHYxNTg1OTE2NDIxMjI4JTIxNW0yJTIxMXNmciUyMTJzZnIlMjIlMjB3aWR0aCUzRCUyMjYwMCUyMiUyMGhlaWdodCUzRCUyMjQ1MCUyMiUyMGZyYW1lYm9yZGVyJTNEJTIyMCUyMiUyMHN0eWxlJTNEJTIyYm9yZGVyJTNBMCUzQiUyMiUyMGFsbG93ZnVsbHNjcmVlbiUzRCUyMiUyMiUyMGFyaWEtaGlkZGVuJTNEJTIyZmFsc2UlMjIlMjB0YWJpbmRleCUzRCUyMjAlMjIlM0UlM0MlMkZpZnJhbWUlM0U=&#8220; size=&#8220;175&#8243;][\/vc_column][vc_column width=&#8220;1\/2&#8243;][vc_empty_space height=&#8220;2em&#8220; alter_height=&#8220;none&#8220; hide_on_mobile=&#8220;&#8220;][vc_empty_space height=&#8220;2em&#8220; alter_height=&#8220;none&#8220; hide_on_mobile=&#8220;&#8220;][\/vc_column][\/vc_row][vc_row][vc_column][vc_empty_space height=&#8220;4.3em&#8220; alter_height=&#8220;none&#8220; hide_on_mobile=&#8220;&#8220;][\/vc_column][\/vc_row][vc_row full_width=&#8220;stretch_row_content_no_spaces&#8220; css=&#8220;.vc_custom_1585839649091{background-color: rgba(117,122,125,0.05) !important;*background-color: rgb(117,122,125)&hellip;<\/p>\n","protected":false},"author":1,"featured_media":0,"parent":0,"menu_order":0,"comment_status":"closed","ping_status":"closed","template":"","meta":{"footnotes":""},"class_list":["post-3606","page","type-page","status-publish","hentry"],"yoast_head":"<!-- This site is optimized with the Yoast SEO plugin v27.5 - https:\/\/yoast.com\/product\/yoast-seo-wordpress\/ -->\n<title>Kontaktieren Sie uns f\u00fcr weitere Informationen |\u00a0Eurorail<\/title>\n<meta name=\"description\" content=\"W\u00fcnschen Sie weitere Informationen? Haben Sie ein Logistikprojekt? Z\u00f6gern Sie nicht, uns zu kontaktieren und uns Ihre W\u00fcnsche mitzuteilen.\" \/>\n<meta name=\"robots\" content=\"index, follow, max-snippet:-1, max-image-preview:large, max-video-preview:-1\" \/>\n<link rel=\"canonical\" href=\"https:\/\/eurorail.eu\/de\/contacts\/\" \/>\n<meta property=\"og:locale\" content=\"de_DE\" \/>\n<meta property=\"og:type\" content=\"article\" \/>\n<meta property=\"og:title\" content=\"Kontaktieren Sie uns f\u00fcr weitere Informationen |\u00a0Eurorail\" \/>\n<meta property=\"og:description\" content=\"W\u00fcnschen Sie weitere Informationen? Haben Sie ein Logistikprojekt? Z\u00f6gern Sie nicht, uns zu kontaktieren und uns Ihre W\u00fcnsche mitzuteilen.\" \/>\n<meta property=\"og:url\" content=\"https:\/\/eurorail.eu\/de\/contacts\/\" \/>\n<meta property=\"og:site_name\" content=\"Eurorail\" \/>\n<meta property=\"article:modified_time\" content=\"2026-03-11T17:09:29+00:00\" \/>\n<meta name=\"twitter:card\" content=\"summary_large_image\" \/>\n<meta name=\"twitter:label1\" content=\"Gesch\u00e4tzte Lesezeit\" \/>\n\t<meta name=\"twitter:data1\" content=\"2\u00a0Minuten\" \/>\n<script type=\"application\/ld+json\" class=\"yoast-schema-graph\">{\"@context\":\"https:\\\/\\\/schema.org\",\"@graph\":[{\"@type\":\"WebPage\",\"@id\":\"https:\\\/\\\/eurorail.eu\\\/de\\\/contacts\\\/\",\"url\":\"https:\\\/\\\/eurorail.eu\\\/de\\\/contacts\\\/\",\"name\":\"Kontaktieren Sie uns f\u00fcr weitere Informationen |\u00a0Eurorail\",\"isPartOf\":{\"@id\":\"https:\\\/\\\/eurorail.eu\\\/de\\\/#website\"},\"datePublished\":\"2020-04-15T07:14:31+00:00\",\"dateModified\":\"2026-03-11T17:09:29+00:00\",\"description\":\"W\u00fcnschen Sie weitere Informationen? Haben Sie ein Logistikprojekt? Z\u00f6gern Sie nicht, uns zu kontaktieren und uns Ihre W\u00fcnsche mitzuteilen.\",\"breadcrumb\":{\"@id\":\"https:\\\/\\\/eurorail.eu\\\/de\\\/contacts\\\/#breadcrumb\"},\"inLanguage\":\"de\",\"potentialAction\":[{\"@type\":\"ReadAction\",\"target\":[\"https:\\\/\\\/eurorail.eu\\\/de\\\/contacts\\\/\"]}]},{\"@type\":\"BreadcrumbList\",\"@id\":\"https:\\\/\\\/eurorail.eu\\\/de\\\/contacts\\\/#breadcrumb\",\"itemListElement\":[{\"@type\":\"ListItem\",\"position\":1,\"name\":\"Accueil\",\"item\":\"https:\\\/\\\/eurorail.eu\\\/de\\\/\"},{\"@type\":\"ListItem\",\"position\":2,\"name\":\"Contacts\"}]},{\"@type\":\"WebSite\",\"@id\":\"https:\\\/\\\/eurorail.eu\\\/de\\\/#website\",\"url\":\"https:\\\/\\\/eurorail.eu\\\/de\\\/\",\"name\":\"Eurorail\",\"description\":\"We integrate rail in a global logistic concept\",\"potentialAction\":[{\"@type\":\"SearchAction\",\"target\":{\"@type\":\"EntryPoint\",\"urlTemplate\":\"https:\\\/\\\/eurorail.eu\\\/de\\\/?s={search_term_string}\"},\"query-input\":{\"@type\":\"PropertyValueSpecification\",\"valueRequired\":true,\"valueName\":\"search_term_string\"}}],\"inLanguage\":\"de\"}]}<\/script>\n<!-- \/ Yoast SEO plugin. -->","yoast_head_json":{"title":"Kontaktieren Sie uns f\u00fcr weitere Informationen |\u00a0Eurorail","description":"W\u00fcnschen Sie weitere Informationen? Haben Sie ein Logistikprojekt? Z\u00f6gern Sie nicht, uns zu kontaktieren und uns Ihre W\u00fcnsche mitzuteilen.","robots":{"index":"index","follow":"follow","max-snippet":"max-snippet:-1","max-image-preview":"max-image-preview:large","max-video-preview":"max-video-preview:-1"},"canonical":"https:\/\/eurorail.eu\/de\/contacts\/","og_locale":"de_DE","og_type":"article","og_title":"Kontaktieren Sie uns f\u00fcr weitere Informationen |\u00a0Eurorail","og_description":"W\u00fcnschen Sie weitere Informationen? Haben Sie ein Logistikprojekt? Z\u00f6gern Sie nicht, uns zu kontaktieren und uns Ihre W\u00fcnsche mitzuteilen.","og_url":"https:\/\/eurorail.eu\/de\/contacts\/","og_site_name":"Eurorail","article_modified_time":"2026-03-11T17:09:29+00:00","twitter_card":"summary_large_image","twitter_misc":{"Gesch\u00e4tzte Lesezeit":"2\u00a0Minuten"},"schema":{"@context":"https:\/\/schema.org","@graph":[{"@type":"WebPage","@id":"https:\/\/eurorail.eu\/de\/contacts\/","url":"https:\/\/eurorail.eu\/de\/contacts\/","name":"Kontaktieren Sie uns f\u00fcr weitere Informationen |\u00a0Eurorail","isPartOf":{"@id":"https:\/\/eurorail.eu\/de\/#website"},"datePublished":"2020-04-15T07:14:31+00:00","dateModified":"2026-03-11T17:09:29+00:00","description":"W\u00fcnschen Sie weitere Informationen? Haben Sie ein Logistikprojekt? Z\u00f6gern Sie nicht, uns zu kontaktieren und uns Ihre W\u00fcnsche mitzuteilen.","breadcrumb":{"@id":"https:\/\/eurorail.eu\/de\/contacts\/#breadcrumb"},"inLanguage":"de","potentialAction":[{"@type":"ReadAction","target":["https:\/\/eurorail.eu\/de\/contacts\/"]}]},{"@type":"BreadcrumbList","@id":"https:\/\/eurorail.eu\/de\/contacts\/#breadcrumb","itemListElement":[{"@type":"ListItem","position":1,"name":"Accueil","item":"https:\/\/eurorail.eu\/de\/"},{"@type":"ListItem","position":2,"name":"Contacts"}]},{"@type":"WebSite","@id":"https:\/\/eurorail.eu\/de\/#website","url":"https:\/\/eurorail.eu\/de\/","name":"Eurorail","description":"We integrate rail in a global logistic concept","potentialAction":[{"@type":"SearchAction","target":{"@type":"EntryPoint","urlTemplate":"https:\/\/eurorail.eu\/de\/?s={search_term_string}"},"query-input":{"@type":"PropertyValueSpecification","valueRequired":true,"valueName":"search_term_string"}}],"inLanguage":"de"}]}},"_links":{"self":[{"href":"https:\/\/eurorail.eu\/de\/wp-json\/wp\/v2\/pages\/3606","targetHints":{"allow":["GET"]}}],"collection":[{"href":"https:\/\/eurorail.eu\/de\/wp-json\/wp\/v2\/pages"}],"about":[{"href":"https:\/\/eurorail.eu\/de\/wp-json\/wp\/v2\/types\/page"}],"author":[{"embeddable":true,"href":"https:\/\/eurorail.eu\/de\/wp-json\/wp\/v2\/users\/1"}],"replies":[{"embeddable":true,"href":"https:\/\/eurorail.eu\/de\/wp-json\/wp\/v2\/comments?post=3606"}],"version-history":[{"count":11,"href":"https:\/\/eurorail.eu\/de\/wp-json\/wp\/v2\/pages\/3606\/revisions"}],"predecessor-version":[{"id":7809,"href":"https:\/\/eurorail.eu\/de\/wp-json\/wp\/v2\/pages\/3606\/revisions\/7809"}],"wp:attachment":[{"href":"https:\/\/eurorail.eu\/de\/wp-json\/wp\/v2\/media?parent=3606"}],"curies":[{"name":"wp","href":"https:\/\/api.w.org\/{rel}","templated":true}]}}