{"id":3685,"date":"2020-04-15T08:41:02","date_gmt":"2020-04-15T08:41:02","guid":{"rendered":"https:\/\/eurorail.adeo-dev.fr\/entreprise-ferroviaire\/"},"modified":"2020-04-27T13:46:14","modified_gmt":"2020-04-27T12:46:14","slug":"entreprise-ferroviaire","status":"publish","type":"page","link":"https:\/\/eurorail.eu\/de\/entreprise-ferroviaire\/","title":{"rendered":"EVU &#8211; Eisenbahnverkehrsunternehmen"},"content":{"rendered":"<p>[vc_row full_width=&#8220;stretch_row&#8220;][vc_column][rev_slider_vc alias=&#8220;header_regiorail_photos_de&#8220;][\/vc_column][\/vc_row][vc_row full_width=&#8220;stretch_row&#8220;][vc_column][vc_empty_space height=&#8220;3.3em&#8220; alter_height=&#8220;none&#8220; hide_on_mobile=&#8220;&#8220;]<div  id=\"sc_services_195908360\"            class=\"sc_services sc_services_default\" data-slides-per-view=\"3\" data-interval=\"0\" data-slides-min-width=\"200\"\t\t>\n\t\t<h6 class=\"sc_item_subtitle sc_services_subtitle sc_align_default sc_item_title_style_default\">Gruppierung von Lokalbahnen<\/h6><h2 class=\"sc_item_title sc_services_title sc_align_default sc_item_title_style_default\">RegioRail, denken wir an Netzwerke!<\/h2><div class=\"sc_services_columns sc_item_columns trx_addons_columns_wrap columns_padding_bottom\"><div class=\"trx_addons_column-1_3\"><div class=\"sc_services_item with_icon sc_services_item_featured_top\">\n\t<a href=\"https:\/\/eurorail.eu\/de\/services\/le-challenge\/\"\n\t\t\t id=\"sc_services_195908360_icon-sphere-1\"\n\t\t\t class=\"sc_services_item_icon icon-sphere-1\"\n\t\t\t ><\/a>\t\n\t<div class=\"sc_services_item_info\">\n\t\t<div class=\"sc_services_item_header\">\n\t\t\t<h4 class=\"sc_services_item_title\"><a href=\"https:\/\/eurorail.eu\/de\/services\/le-challenge\/\">Die Herausforderung<\/a><\/h4>\n\t\t\t<!--<div class=\"sc_services_item_subtitle\"><a href=\"https:\/\/eurorail.eu\/de\/services_group\/icon-services-de\/\" title=\"View all posts in Icon Services\">Icon Services<\/a><\/div> -->\n\t\t<\/div>\n\t\t\t\t\t<div class=\"sc_services_item_content\"><p>Einen Zusammenhang darstellen zwischen autonomen Lokalbahnunternehmen, welche neutral und unabh\u00e4ngig mit Bahnunternehmen spezialisiert in Langstreckenverkehr zusammen arbeiten.<\/p>\n<\/div>\n\t\t\t\t\t\t<\/div>\n<\/div>\n<\/div><div class=\"trx_addons_column-1_3\"><div class=\"sc_services_item with_icon sc_services_item_featured_top\">\n\t<a href=\"https:\/\/eurorail.eu\/de\/services\/la-solution\/\"\n\t\t\t id=\"sc_services_195908360_icon-hour\"\n\t\t\t class=\"sc_services_item_icon icon-hour\"\n\t\t\t ><\/a>\t\n\t<div class=\"sc_services_item_info\">\n\t\t<div class=\"sc_services_item_header\">\n\t\t\t<h4 class=\"sc_services_item_title\"><a href=\"https:\/\/eurorail.eu\/de\/services\/la-solution\/\">Die L\u00f6sung<\/a><\/h4>\n\t\t\t<!--<div class=\"sc_services_item_subtitle\"><a href=\"https:\/\/eurorail.eu\/de\/services_group\/icon-services-de\/\" title=\"View all posts in Icon Services\">Icon Services<\/a><\/div> -->\n\t\t<\/div>\n\t\t\t\t\t<div class=\"sc_services_item_content\"><p>RegioRail verf\u00fcgt \u00fcber ein Netzwerk von mehreren Bahnunternehmen, das erm\u00f6glicht unterschiedliche Fixkosten zu verteilen welche sehr wichtig sind in der Bahnumgebung.<\/p>\n<\/div>\n\t\t\t\t\t\t<\/div>\n<\/div>\n<\/div><div class=\"trx_addons_column-1_3\"><div class=\"sc_services_item with_icon sc_services_item_featured_top\">\n\t<a href=\"https:\/\/eurorail.eu\/de\/services\/la-proximite\/\"\n\t\t\t id=\"sc_services_195908360_icon-rail\"\n\t\t\t class=\"sc_services_item_icon icon-rail\"\n\t\t\t ><\/a>\t\n\t<div class=\"sc_services_item_info\">\n\t\t<div class=\"sc_services_item_header\">\n\t\t\t<h4 class=\"sc_services_item_title\"><a href=\"https:\/\/eurorail.eu\/de\/services\/la-proximite\/\">Die Nachbarschaft<\/a><\/h4>\n\t\t\t<!--<div class=\"sc_services_item_subtitle\"><a href=\"https:\/\/eurorail.eu\/de\/services_group\/icon-services-de\/\" title=\"View all posts in Icon Services\">Icon Services<\/a><\/div> -->\n\t\t<\/div>\n\t\t\t\t\t<div class=\"sc_services_item_content\"><p>Weil jeden Fall einzigartig ist, engagieren wir uns an unsere Kunden und Prospekte innovierende L\u00f6sungen zu finden und zu erarbeiten, welche Ihre Bed\u00fcrfnisse entspricht.<\/p>\n<\/div>\n\t\t\t\t\t\t<\/div>\n<\/div>\n<\/div><\/div><\/div><!-- \/.sc_services -->[\/vc_column][\/vc_row][vc_row][vc_column][vc_empty_space height=&#8220;50px&#8220; hide_on_mobile=&#8220;&#8220;][\/vc_column][\/vc_row][vc_row full_width=&#8220;stretch_row&#8220; scheme=&#8220;dark&#8220; css=&#8220;.vc_custom_1584464192667{background-color: #123181 !important;}&#8220;][vc_column][vc_empty_space height=&#8220;6.25em&#8220; alter_height=&#8220;none&#8220; hide_on_mobile=&#8220;&#8220;][vc_column_text css_animation=&#8220;bounceInDown&#8220;]<\/p>\n<h2 style=\"text-align: center;\">Starke Entfaltungsm\u00f6glichkeiten um die gr\u00f6sste Herausforderungen zu meistern<\/h2>\n<p>[\/vc_column_text][vc_empty_space height=&#8220;6.25em&#8220; alter_height=&#8220;none&#8220; hide_on_mobile=&#8220;&#8220;][\/vc_column][\/vc_row][vc_row full_width=&#8220;stretch_row_content_no_spaces&#8220;][vc_column][vc_empty_space height=&#8220;6.25em&#8220; alter_height=&#8220;none&#8220; hide_on_mobile=&#8220;&#8220;]<div  id=\"sc_promo_1226011652\" \n\tclass=\"scheme_default sc_promo sc_promo_default  vc_custom_1587731122621 sc_promo_size_normal sc_promo_image_position_left\"><div class=\"sc_promo_image\" style=\"background-image:url(https:\/\/eurorail.eu\/wp-content\/uploads\/2020\/03\/Regiorail-scaled.jpg);width:50%;left: 0;\"><\/div><div class=\"sc_promo_text\" style=\"width: 50%;float: right;\">\n\t\t\t<div class=\"sc_promo_text_inner\" style=\"\"><h6 class=\"sc_item_subtitle sc_promo_subtitle sc_align_default sc_item_title_style_default\">TOCHTERGESELLSCHAFT DER EURORAILGRUPPE<\/h6><h2 class=\"sc_item_title sc_promo_title sc_align_default sc_item_title_style_default\">Regiorail France :<\/h2><div class=\"sc_item_descr sc_promo_descr sc_align_default\">Regiorail ist vor allem eine neue Firma, jung, reaktiv, mit Lokalbahndienstleistungen als Schwerpunkt.<\/p>\n<p>Die Gesellschaft RegioRail ist geboren aus der Zusammenarbeit von 2 Inhaber (50\/50 Verteilung) - der belgische Logistiker Eurorail und die amerikanische Entwicklungs- und Investitionsgesellschaft Railroad Development Corporation (RDC) welche als Ziel haben sich zu entwickeln auf die Lokalbahn und Vermassung.<\/div><\/div>\n\t\t<\/div><!-- \/.sc_promo_text --><\/div><!-- \/.sc_promo -->[\/vc_column][\/vc_row][vc_row][vc_column][vc_empty_space height=&#8220;8em&#8220; alter_height=&#8220;none&#8220; hide_on_mobile=&#8220;&#8220;][\/vc_column][\/vc_row][vc_row][vc_column]<div id=\"widget_slider_1668175696\" class=\"widget_area sc_widget_slider vc_widget_slider wpb_content_element\"><aside id=\"widget_slider_1668175696_widget\" class=\"widget widget_slider\">\t\t\t<div class=\"slider_wrap slider_engine_revo slider_alias_bottom_regiorail_photos_de\">\n\t\t\t\t<div class=\"wp-block-themepunch-revslider 0\">\n\t\t\t<!-- START Bottom_Regiorail_photos_de REVOLUTION SLIDER 6.5.31 --><p class=\"rs-p-wp-fix\"><\/p>\n\t\t\t<rs-module-wrap id=\"rev_slider_30_1_wrapper\" data-source=\"gallery\" style=\"visibility:hidden;background:transparent;padding:0;margin:0px auto;margin-top:0;margin-bottom:0;\">\n\t\t\t\t<rs-module id=\"rev_slider_30_1\" style=\"\" data-version=\"6.5.31\">\n\t\t\t\t\t<rs-slides>\n\t\t\t\t\t\t<rs-slide style=\"position: absolute;\" data-key=\"rs-118\" data-title=\"Slide\" data-anim=\"adpr:false;\">\n\t\t\t\t\t\t\t<img decoding=\"async\" src=\"\/\/eurorail.eu\/wp-content\/plugins\/revslider\/public\/assets\/assets\/dummy.png\" alt=\"\" title=\"Die Nachbarschaft\" class=\"rev-slidebg tp-rs-img rs-lazyload\" data-lazyload=\"\/\/eurorail.eu\/wp-content\/uploads\/2020\/03\/Eurorail.png\" data-no-retina>\n<!--\n\t\t\t\t\t\t\t--><rs-layer\n\t\t\t\t\t\t\t\tid=\"slider-30-slide-118-layer-2\" \n\t\t\t\t\t\t\t\tclass=\"tp-shape tp-shapewrapper\"\n\t\t\t\t\t\t\t\tdata-type=\"shape\"\n\t\t\t\t\t\t\t\tdata-rsp_ch=\"on\"\n\t\t\t\t\t\t\t\tdata-xy=\"x:c;xo:-32px,-13px,-3px,-1px;y:m;yo:-3px;\"\n\t\t\t\t\t\t\t\tdata-text=\"a:inherit;\"\n\t\t\t\t\t\t\t\tdata-dim=\"w:694px,694px,694px,487px;h:168,168,168,176px;\"\n\t\t\t\t\t\t\t\tdata-frame_0=\"tp:600;\"\n\t\t\t\t\t\t\t\tdata-frame_1=\"tp:600;sR:10;\"\n\t\t\t\t\t\t\t\tdata-frame_999=\"o:0;tp:600;st:w;sR:8690;\"\n\t\t\t\t\t\t\t\tstyle=\"z-index:5;background-color:rgba(18,49,129,0.5);\"\n\t\t\t\t\t\t\t> \n\t\t\t\t\t\t\t<\/rs-layer><!--\n\n\t\t\t\t\t\t\t--><rs-layer\n\t\t\t\t\t\t\t\tid=\"slider-30-slide-118-layer-7\" \n\t\t\t\t\t\t\t\tdata-type=\"text\"\n\t\t\t\t\t\t\t\tdata-rsp_ch=\"on\"\n\t\t\t\t\t\t\t\tdata-xy=\"x:c;xo:-34px,-16px,-4px,0;yo:155px,155px,152px,155px;\"\n\t\t\t\t\t\t\t\tdata-text=\"s:20,20,20,15;l:22,22,22,22;fw:600;a:center;\"\n\t\t\t\t\t\t\t\tdata-dim=\"w:609px,569px,616px,569px;h:94px,90px,91px,90px;\"\n\t\t\t\t\t\t\t\tdata-frame_0=\"tp:600;\"\n\t\t\t\t\t\t\t\tdata-frame_1=\"tp:600;sR:10;\"\n\t\t\t\t\t\t\t\tdata-frame_999=\"o:0;tp:600;st:w;sR:8690;\"\n\t\t\t\t\t\t\t\tstyle=\"z-index:6;font-family:'Montserrat';\"\n\t\t\t\t\t\t\t>Die Sicherheit des Personals ist unentbehrlich f\u00fcr unsere<br\/>Entwicklung. <br\/><br\/>Sie ist Teil unserer Besorgnisse heute und f\u00fcr die Zukunft. \n\t\t\t\t\t\t\t<\/rs-layer><!--\n-->\t\t\t\t\t\t<\/rs-slide>\n\t\t\t\t\t<\/rs-slides>\n\t\t\t\t<\/rs-module>\n\t\t\t\t<script>\n\t\t\t\t\tsetREVStartSize({c: 'rev_slider_30_1',rl:[1240,1024,778,480],el:[],gw:[1024,1024,778,480],gh:[400,400,400,400],type:'standard',justify:'',layout:'fullwidth',mh:\"0\"});if (window.RS_MODULES!==undefined && window.RS_MODULES.modules!==undefined && window.RS_MODULES.modules[\"revslider301\"]!==undefined) {window.RS_MODULES.modules[\"revslider301\"].once = false;window.revapi30 = undefined;if (window.RS_MODULES.checkMinimal!==undefined) window.RS_MODULES.checkMinimal()}\n\t\t\t\t<\/script>\n\t\t\t<\/rs-module-wrap>\n\t\t\t<!-- END REVOLUTION SLIDER -->\n<\/div>\t\t\t<\/div>\n\t\t\t<\/aside><\/div>[\/vc_column][\/vc_row][vc_row full_width=&#8220;stretch_row_content_no_spaces&#8220;][vc_column][vc_empty_space height=&#8220;6.25em&#8220; alter_height=&#8220;none&#8220; hide_on_mobile=&#8220;&#8220;]<div  id=\"sc_promo_769182130\" \n\tclass=\"scheme_default sc_promo sc_promo_default  vc_custom_1587731432215 sc_promo_size_normal sc_promo_image_position_right\"><div class=\"sc_promo_image\" style=\"background-image:url(https:\/\/eurorail.eu\/wp-content\/uploads\/2020\/03\/Eurorail.png);width:50%;right: 0;\"><\/div><div class=\"sc_promo_text\" style=\"width: 50%;float: left;\">\n\t\t\t<div class=\"sc_promo_text_inner\" style=\"\"><h6 class=\"sc_item_subtitle sc_promo_subtitle sc_align_default sc_item_title_style_default\">DIE FIRMA LEGT VIEL WERT AUF IHRE MITARBEITER<\/h6><h2 class=\"sc_item_title sc_promo_title sc_align_default sc_item_title_style_default\">Unsere werte<\/h2><div class=\"sc_item_descr sc_promo_descr sc_align_default\">Die Vorschl\u00e4ger der Mitarbeitern werden ber\u00fccksichtigt, die individuelle Begleitung erm\u00f6glicht die Entwicklung von jedem.<\/p>\n<p>Es ist unsere Wahl um auf Sicherheit einzusetzen. Es ist Teil unserer Struktur und sehr wichtiger Bestandteil unserer Entwicklung.<\/div><\/div>\n\t\t<\/div><!-- \/.sc_promo_text --><\/div><!-- \/.sc_promo -->[\/vc_column][\/vc_row][vc_row][vc_column][vc_empty_space height=&#8220;7em&#8220; alter_height=&#8220;none&#8220; hide_on_mobile=&#8220;&#8220;][\/vc_column][\/vc_row][vc_row][vc_column][vc_raw_js]JTNDc2NyaXB0JTIwdHlwZSUzRCUyN3RleHQlMkZqYXZhc2NyaXB0JTI3JTNFJTBBbGV0JTIwbGllblRpdHJlcyUyMCUzRCUyMGRvY3VtZW50LmdldEVsZW1lbnRzQnlDbGFzc05hbWUlMjglMjJzY19zZXJ2aWNlc19pdGVtX3RpdGxlJTIyJTI5JTNCJTBBJTBBaWYlMjhsaWVuVGl0cmVzJTVCMCU1RCUyMCUyMSUzRCUyMHVuZGVmaW5lZCUyMCUyMCUyOSUwQSU3QiUwQSUyMCUyMCUyMCUyMGxpZW5UaXRyZXMlNUIwJTVELmNoaWxkTm9kZXMlNUIwJTVELnJlbW92ZUF0dHJpYnV0ZSUyOCUyMmhyZWYlMjIlMjklM0IlMjAlMEElMjAlMjAlMjAlMjBsaWVuVGl0cmVzJTVCMSU1RC5jaGlsZE5vZGVzJTVCMCU1RC5yZW1vdmVBdHRyaWJ1dGUlMjglMjJocmVmJTIyJTI5JTNCJTIwJTBBJTIwJTIwJTIwJTIwbGllblRpdHJlcyU1QjIlNUQuY2hpbGROb2RlcyU1QjAlNUQucmVtb3ZlQXR0cmlidXRlJTI4JTIyaHJlZiUyMiUyOSUzQiUyMCUwQSU3RCUwQSUzQyUyRnNjcmlwdCUzRQ==[\/vc_raw_js][\/vc_column][\/vc_row]<\/p>\n","protected":false},"excerpt":{"rendered":"<p>[vc_row full_width=&#8220;stretch_row&#8220;][vc_column][rev_slider_vc alias=&#8220;header_regiorail_photos_de&#8220;][\/vc_column][\/vc_row][vc_row full_width=&#8220;stretch_row&#8220;][vc_column][vc_empty_space height=&#8220;3.3em&#8220; alter_height=&#8220;none&#8220; hide_on_mobile=&#8220;&#8220;][\/vc_column][\/vc_row][vc_row][vc_column][vc_empty_space height=&#8220;50px&#8220; hide_on_mobile=&#8220;&#8220;][\/vc_column][\/vc_row][vc_row full_width=&#8220;stretch_row&#8220; scheme=&#8220;dark&#8220; css=&#8220;.vc_custom_1584464192667{background-color: #123181 !important;}&#8220;][vc_column][vc_empty_space height=&#8220;6.25em&#8220; alter_height=&#8220;none&#8220; hide_on_mobile=&#8220;&#8220;][vc_column_text css_animation=&#8220;bounceInDown&#8220;] Starke Entfaltungsm\u00f6glichkeiten um die gr\u00f6sste Herausforderungen zu meistern [\/vc_column_text][vc_empty_space height=&#8220;6.25em&#8220; alter_height=&#8220;none&#8220; hide_on_mobile=&#8220;&#8220;][\/vc_column][\/vc_row][vc_row full_width=&#8220;stretch_row_content_no_spaces&#8220;][vc_column][vc_empty_space height=&#8220;6.25em&#8220; alter_height=&#8220;none&#8220; hide_on_mobile=&#8220;&#8220;][\/vc_column][\/vc_row][vc_row][vc_column][vc_empty_space height=&#8220;8em&#8220; alter_height=&#8220;none&#8220; hide_on_mobile=&#8220;&#8220;][\/vc_column][\/vc_row][vc_row][vc_column][\/vc_column][\/vc_row][vc_row full_width=&#8220;stretch_row_content_no_spaces&#8220;][vc_column][vc_empty_space height=&#8220;6.25em&#8220; alter_height=&#8220;none&#8220; hide_on_mobile=&#8220;&#8220;][\/vc_column][\/vc_row][vc_row][vc_column][vc_empty_space height=&#8220;7em&#8220; alter_height=&#8220;none&#8220; hide_on_mobile=&#8220;&#8220;][\/vc_column][\/vc_row][vc_row][vc_column][vc_raw_js]JTNDc2NyaXB0JTIwdHlwZSUzRCUyN3RleHQlMkZqYXZhc2NyaXB0JTI3JTNFJTBBbGV0JTIwbGllblRpdHJlcyUyMCUzRCUyMGRvY3VtZW50LmdldEVsZW1lbnRzQnlDbGFzc05hbWUlMjglMjJzY19zZXJ2aWNlc19pdGVtX3RpdGxlJTIyJTI5JTNCJTBBJTBBaWYlMjhsaWVuVGl0cmVzJTVCMCU1RCUyMCUyMSUzRCUyMHVuZGVmaW5lZCUyMCUyMCUyOSUwQSU3QiUwQSUyMCUyMCUyMCUyMGxpZW5UaXRyZXMlNUIwJTVELmNoaWxkTm9kZXMlNUIwJTVELnJlbW92ZUF0dHJpYnV0ZSUyOCUyMmhyZWYlMjIlMjklM0IlMjAlMEElMjAlMjAlMjAlMjBsaWVuVGl0cmVzJTVCMSU1RC5jaGlsZE5vZGVzJTVCMCU1RC5yZW1vdmVBdHRyaWJ1dGUlMjglMjJocmVmJTIyJTI5JTNCJTIwJTBBJTIwJTIwJTIwJTIwbGllblRpdHJlcyU1QjIlNUQuY2hpbGROb2RlcyU1QjAlNUQucmVtb3ZlQXR0cmlidXRlJTI4JTIyaHJlZiUyMiUyOSUzQiUyMCUwQSU3RCUwQSUzQyUyRnNjcmlwdCUzRQ==[\/vc_raw_js][\/vc_column][\/vc_row]<\/p>\n","protected":false},"author":1,"featured_media":0,"parent":0,"menu_order":0,"comment_status":"closed","ping_status":"closed","template":"","meta":{"footnotes":""},"class_list":["post-3685","page","type-page","status-publish","hentry"],"yoast_head":"<!-- This site is optimized with the Yoast SEO plugin v27.5 - https:\/\/yoast.com\/product\/yoast-seo-wordpress\/ -->\n<title>Regiorail ist eine Eisenbahnverkehrsunternehmen der Eurorail-Gruppe<\/title>\n<meta name=\"description\" content=\"Regiorail ist eine Gruppe lokaler Bahnbetreiber, die angepasste L\u00f6sungen und Werkzeuge f\u00fcr den Warentransport anbietet.\" \/>\n<meta name=\"robots\" content=\"index, follow, max-snippet:-1, max-image-preview:large, max-video-preview:-1\" \/>\n<link rel=\"canonical\" href=\"https:\/\/eurorail.eu\/de\/entreprise-ferroviaire\/\" \/>\n<meta property=\"og:locale\" content=\"de_DE\" \/>\n<meta property=\"og:type\" content=\"article\" \/>\n<meta property=\"og:title\" content=\"Regiorail ist eine Eisenbahnverkehrsunternehmen der Eurorail-Gruppe\" \/>\n<meta property=\"og:description\" content=\"Regiorail ist eine Gruppe lokaler Bahnbetreiber, die angepasste L\u00f6sungen und Werkzeuge f\u00fcr den Warentransport anbietet.\" \/>\n<meta property=\"og:url\" content=\"https:\/\/eurorail.eu\/de\/entreprise-ferroviaire\/\" \/>\n<meta property=\"og:site_name\" content=\"Eurorail\" \/>\n<meta property=\"article:modified_time\" content=\"2020-04-27T12:46:14+00:00\" \/>\n<meta name=\"twitter:card\" content=\"summary_large_image\" \/>\n<meta name=\"twitter:label1\" content=\"Gesch\u00e4tzte Lesezeit\" \/>\n\t<meta name=\"twitter:data1\" content=\"3\u00a0Minuten\" \/>\n<script type=\"application\/ld+json\" class=\"yoast-schema-graph\">{\"@context\":\"https:\\\/\\\/schema.org\",\"@graph\":[{\"@type\":\"WebPage\",\"@id\":\"https:\\\/\\\/eurorail.eu\\\/de\\\/entreprise-ferroviaire\\\/\",\"url\":\"https:\\\/\\\/eurorail.eu\\\/de\\\/entreprise-ferroviaire\\\/\",\"name\":\"Regiorail ist eine Eisenbahnverkehrsunternehmen der Eurorail-Gruppe\",\"isPartOf\":{\"@id\":\"https:\\\/\\\/eurorail.eu\\\/de\\\/#website\"},\"datePublished\":\"2020-04-15T08:41:02+00:00\",\"dateModified\":\"2020-04-27T12:46:14+00:00\",\"description\":\"Regiorail ist eine Gruppe lokaler Bahnbetreiber, die angepasste L\u00f6sungen und Werkzeuge f\u00fcr den Warentransport anbietet.\",\"breadcrumb\":{\"@id\":\"https:\\\/\\\/eurorail.eu\\\/de\\\/entreprise-ferroviaire\\\/#breadcrumb\"},\"inLanguage\":\"de\",\"potentialAction\":[{\"@type\":\"ReadAction\",\"target\":[\"https:\\\/\\\/eurorail.eu\\\/de\\\/entreprise-ferroviaire\\\/\"]}]},{\"@type\":\"BreadcrumbList\",\"@id\":\"https:\\\/\\\/eurorail.eu\\\/de\\\/entreprise-ferroviaire\\\/#breadcrumb\",\"itemListElement\":[{\"@type\":\"ListItem\",\"position\":1,\"name\":\"Accueil\",\"item\":\"https:\\\/\\\/eurorail.eu\\\/de\\\/\"},{\"@type\":\"ListItem\",\"position\":2,\"name\":\"EVU &#8211; Eisenbahnverkehrsunternehmen\"}]},{\"@type\":\"WebSite\",\"@id\":\"https:\\\/\\\/eurorail.eu\\\/de\\\/#website\",\"url\":\"https:\\\/\\\/eurorail.eu\\\/de\\\/\",\"name\":\"Eurorail\",\"description\":\"We integrate rail in a global logistic concept\",\"potentialAction\":[{\"@type\":\"SearchAction\",\"target\":{\"@type\":\"EntryPoint\",\"urlTemplate\":\"https:\\\/\\\/eurorail.eu\\\/de\\\/?s={search_term_string}\"},\"query-input\":{\"@type\":\"PropertyValueSpecification\",\"valueRequired\":true,\"valueName\":\"search_term_string\"}}],\"inLanguage\":\"de\"}]}<\/script>\n<!-- \/ Yoast SEO plugin. -->","yoast_head_json":{"title":"Regiorail ist eine Eisenbahnverkehrsunternehmen der Eurorail-Gruppe","description":"Regiorail ist eine Gruppe lokaler Bahnbetreiber, die angepasste L\u00f6sungen und Werkzeuge f\u00fcr den Warentransport anbietet.","robots":{"index":"index","follow":"follow","max-snippet":"max-snippet:-1","max-image-preview":"max-image-preview:large","max-video-preview":"max-video-preview:-1"},"canonical":"https:\/\/eurorail.eu\/de\/entreprise-ferroviaire\/","og_locale":"de_DE","og_type":"article","og_title":"Regiorail ist eine Eisenbahnverkehrsunternehmen der Eurorail-Gruppe","og_description":"Regiorail ist eine Gruppe lokaler Bahnbetreiber, die angepasste L\u00f6sungen und Werkzeuge f\u00fcr den Warentransport anbietet.","og_url":"https:\/\/eurorail.eu\/de\/entreprise-ferroviaire\/","og_site_name":"Eurorail","article_modified_time":"2020-04-27T12:46:14+00:00","twitter_card":"summary_large_image","twitter_misc":{"Gesch\u00e4tzte Lesezeit":"3\u00a0Minuten"},"schema":{"@context":"https:\/\/schema.org","@graph":[{"@type":"WebPage","@id":"https:\/\/eurorail.eu\/de\/entreprise-ferroviaire\/","url":"https:\/\/eurorail.eu\/de\/entreprise-ferroviaire\/","name":"Regiorail ist eine Eisenbahnverkehrsunternehmen der Eurorail-Gruppe","isPartOf":{"@id":"https:\/\/eurorail.eu\/de\/#website"},"datePublished":"2020-04-15T08:41:02+00:00","dateModified":"2020-04-27T12:46:14+00:00","description":"Regiorail ist eine Gruppe lokaler Bahnbetreiber, die angepasste L\u00f6sungen und Werkzeuge f\u00fcr den Warentransport anbietet.","breadcrumb":{"@id":"https:\/\/eurorail.eu\/de\/entreprise-ferroviaire\/#breadcrumb"},"inLanguage":"de","potentialAction":[{"@type":"ReadAction","target":["https:\/\/eurorail.eu\/de\/entreprise-ferroviaire\/"]}]},{"@type":"BreadcrumbList","@id":"https:\/\/eurorail.eu\/de\/entreprise-ferroviaire\/#breadcrumb","itemListElement":[{"@type":"ListItem","position":1,"name":"Accueil","item":"https:\/\/eurorail.eu\/de\/"},{"@type":"ListItem","position":2,"name":"EVU &#8211; Eisenbahnverkehrsunternehmen"}]},{"@type":"WebSite","@id":"https:\/\/eurorail.eu\/de\/#website","url":"https:\/\/eurorail.eu\/de\/","name":"Eurorail","description":"We integrate rail in a global logistic concept","potentialAction":[{"@type":"SearchAction","target":{"@type":"EntryPoint","urlTemplate":"https:\/\/eurorail.eu\/de\/?s={search_term_string}"},"query-input":{"@type":"PropertyValueSpecification","valueRequired":true,"valueName":"search_term_string"}}],"inLanguage":"de"}]}},"_links":{"self":[{"href":"https:\/\/eurorail.eu\/de\/wp-json\/wp\/v2\/pages\/3685","targetHints":{"allow":["GET"]}}],"collection":[{"href":"https:\/\/eurorail.eu\/de\/wp-json\/wp\/v2\/pages"}],"about":[{"href":"https:\/\/eurorail.eu\/de\/wp-json\/wp\/v2\/types\/page"}],"author":[{"embeddable":true,"href":"https:\/\/eurorail.eu\/de\/wp-json\/wp\/v2\/users\/1"}],"replies":[{"embeddable":true,"href":"https:\/\/eurorail.eu\/de\/wp-json\/wp\/v2\/comments?post=3685"}],"version-history":[{"count":12,"href":"https:\/\/eurorail.eu\/de\/wp-json\/wp\/v2\/pages\/3685\/revisions"}],"predecessor-version":[{"id":4186,"href":"https:\/\/eurorail.eu\/de\/wp-json\/wp\/v2\/pages\/3685\/revisions\/4186"}],"wp:attachment":[{"href":"https:\/\/eurorail.eu\/de\/wp-json\/wp\/v2\/media?parent=3685"}],"curies":[{"name":"wp","href":"https:\/\/api.w.org\/{rel}","templated":true}]}}