{"id":7756,"date":"2026-03-11T17:45:23","date_gmt":"2026-03-11T16:45:23","guid":{"rendered":"https:\/\/eurorail.eu\/transportkoordinator\/"},"modified":"2026-04-24T16:37:38","modified_gmt":"2026-04-24T15:37:38","slug":"transportkoordinator","status":"publish","type":"page","link":"https:\/\/eurorail.eu\/de\/transportkoordinator\/","title":{"rendered":"Transportkoordinator"},"content":{"rendered":"<p>[vc_row][vc_column][rev_slider_vc alias=&#8220;commissionaire-de-transport_fr&#8220;][\/vc_column][\/vc_row][vc_row][vc_column][vc_empty_space height=&#8220;5.3em&#8220; alter_height=&#8220;none&#8220; hide_on_mobile=&#8220;&#8220;]<div id=\"sc_title_1602099348\"\n\t\tclass=\"sc_title sc_title_default\"><h2 class=\"sc_item_title sc_title_title sc_align_center sc_item_title_style_default\">Eurorail: Ihre globale Transportl\u00f6sung<\/h2><\/div><!-- \/.sc_title -->[\/vc_column][\/vc_row][vc_row full_width=&#8220;stretch_row_content&#8220; content_placement=&#8220;middle&#8220;][vc_column][vc_empty_space height=&#8220;3.3em&#8220; alter_height=&#8220;none&#8220; hide_on_mobile=&#8220;&#8220;][vc_column_text css_animation=&#8220;bounceInLeft&#8220;]Eurorail entwickelt und koordiniert umfassende L\u00f6sungen f\u00fcr den Schienen- und multimodalen Verkehr, die auf die Bed\u00fcrfnisse der europ\u00e4ischen Industrie zugeschnitten sind.<br \/>Durch die Vernetzung seiner Tochtergesellschaft RegioRail mit den europ\u00e4ischen Eisenbahnunternehmen bietet Eurorail <strong>L\u00f6sungen f\u00fcr Einzelwagen und St\u00fcckgutverkehr<\/strong> von <strong>Punkt zu Punkt in ganz Europa<\/strong> mit einem auf dem Markt einzigartigen Ma\u00df an Kontrolle und Transparenz.<\/p>\n<h3><strong>Ein integriertes Netzwerk im Dienste Ihrer Warenstr\u00f6me<\/strong><\/h3>\n<p>Eurorail st\u00fctzt sich auf:<\/p>\n<ul>\n<li>seine <strong>Agenturen<\/strong><\/li>\n<li>seine Tochtergesellschaften <strong>RegioRail<\/strong>,<\/li>\n<li>seine <strong>an das Eisenbahnnetz angeschlossenen Logistikplattformen<\/strong>,<\/li>\n<li>ein Netzwerk von <strong>europ\u00e4ischen Partnern<\/strong>.<\/li>\n<\/ul>\n<p>Diese Struktur erm\u00f6glicht es, eine <strong>echte Gesamtl\u00f6sung<\/strong> anzubieten, vom Einzelwagen bis zum kompletten Zug.[\/vc_column_text][vc_empty_space height=&#8220;3.3em&#8220; alter_height=&#8220;none&#8220; hide_on_mobile=&#8220;&#8220;][\/vc_column][\/vc_row][vc_row full_width=&#8220;stretch_row&#8220; css=&#8220;.vc_custom_1585815233644{background-color: #123181 !important;}&#8220;][vc_column][vc_empty_space height=&#8220;6.25em&#8220; alter_height=&#8220;none&#8220; hide_on_mobile=&#8220;&#8220;][vc_column_text css_animation=&#8220;bounceInDown&#8220;]<\/p>\n<h2 style=\"text-align: center; color: #ffffff;\">Eurorail, Ihr Spediteur, sorgt f\u00fcr den Transport Ihrer Waren vom ersten bis zum letzten Kilometer.<\/h2>\n<p>[\/vc_column_text][vc_empty_space height=&#8220;6.25em&#8220; alter_height=&#8220;none&#8220; hide_on_mobile=&#8220;&#8220;][\/vc_column][\/vc_row][vc_row full_width=&#8220;stretch_row&#8220;][vc_column][vc_empty_space height=&#8220;5em&#8220; alter_height=&#8220;medium&#8220; hide_on_mobile=&#8220;&#8220;][\/vc_column][\/vc_row][vc_row full_width=&#8220;stretch_row_content_no_spaces&#8220; css=&#8220;.vc_custom_1585814304125{background-color: rgba(117,122,125,0.05) !important;background-position: 0 0 !important;background-repeat: no-repeat !important;*background-color: rgb(117,122,125) !important;}&#8220;][vc_column]<div  id=\"sc_promo_316060775\" \n\tclass=\"scheme_default sc_promo sc_promo_default sc_promo_size_normal sc_promo_image_position_left\"><div class=\"sc_promo_image\" style=\"background-image:url(https:\/\/eurorail.eu\/wp-content\/uploads\/2020\/03\/eurorail-130-scaled.jpg);width:50%;left: 0;\"><\/div><div class=\"sc_promo_text\" style=\"width: 50%;float: right;\">\n\t\t\t<div class=\"sc_promo_text_inner\" style=\"\"><h6 class=\"sc_item_subtitle sc_promo_subtitle sc_align_default sc_item_title_style_default\">Innovation, Zusammenarbeit, Flexibilit\u00e4t<\/h6><h2 class=\"sc_item_title sc_promo_title sc_align_default sc_item_title_style_default\">Schiene: Das Herzst\u00fcck unseres Know-hows<\/h2><div class=\"sc_item_descr sc_promo_descr sc_align_default\">Eurorail \u00fcbernimmt die komplette Koordination von Bahnl\u00f6sungen, insbesondere:<br \/>\u2022 Einkauf von Kapazit\u00e4ten bei Partnerbahnunternehmen<br \/>\u2022 Organisation von Z\u00fcgen f\u00fcr mehrere Produkte und mehrere Kunden<br \/>\u2022 Integration von Einzelwagen in Eurorail-Z\u00fcge<br \/>\u2022 Verkehr zwischen den Logistikplattformen des Netzwerks<br \/>\u2022 Logistikdienstleistungen auf der Plattform<br \/>\u2022 Rangierarbeiten vor Ort beim Kunden<br \/>\u2022 Terminaltransporte \u00fcber RegioRail, die Tochtergesellschaft von Eurorail<br \/>Jeder Transport wird individuell angepasst, um Leistung, Kosten und Regelm\u00e4\u00dfigkeit zu optimieren.<\/div><\/div>\n\t\t<\/div><!-- \/.sc_promo_text --><\/div><!-- \/.sc_promo -->[\/vc_column][\/vc_row][vc_row][vc_column][vc_empty_space height=&#8220;7em&#8220; alter_height=&#8220;none&#8220; hide_on_mobile=&#8220;&#8220;][\/vc_column][\/vc_row][vc_row full_width=&#8220;stretch_row_content_no_spaces&#8220; css=&#8220;.vc_custom_1585814304125{background-color: rgba(117,122,125,0.05) !important;background-position: 0 0 !important;background-repeat: no-repeat !important;*background-color: rgb(117,122,125) !important;}&#8220;][vc_column]<div  id=\"sc_promo_1382248133\" \n\tclass=\"scheme_default sc_promo sc_promo_default sc_promo_size_normal sc_promo_image_position_right\"><div class=\"sc_promo_image\" style=\"background-image:url(https:\/\/eurorail.eu\/wp-content\/uploads\/2020\/04\/semi_remorque_eurorail-scaled.jpg);width:50%;right: 0;\"><\/div><div class=\"sc_promo_text\" style=\"width: 50%;float: left;\">\n\t\t\t<div class=\"sc_promo_text_inner\" style=\"\"><h6 class=\"sc_item_subtitle sc_promo_subtitle sc_align_default sc_item_title_style_default\">Innovation, Zusammenarbeit, Flexibilit\u00e4t<\/h6><h2 class=\"sc_item_title sc_promo_title sc_align_default sc_item_title_style_default\">Stra\u00dfe: Kontinuit\u00e4t des Service<\/h2><div class=\"sc_item_descr sc_promo_descr sc_align_default\">Um einen kompletten T\u00fcr-zu-T\u00fcr-Service zu gew\u00e4hrleisten, organisiert Eurorail den Stra\u00dfentransport auf der ersten und letzten Meile von oder zu seinen Plattformen.<br \/>Wir arbeiten mit einem sorgf\u00e4ltig ausgew\u00e4hlten Netzwerk von Referenzspediteuren zusammen, um Folgendes zu gew\u00e4hrleisten:<br \/>\u2022 P\u00fcnktlichkeit,<br \/>\u2022 Unversehrtheit der Waren,<br \/>\u2022 reibungslose Koordination mit dem Bahnbetrieb.<\/div><\/div>\n\t\t<\/div><!-- \/.sc_promo_text --><\/div><!-- \/.sc_promo -->[\/vc_column][\/vc_row][vc_row][vc_column][vc_empty_space height=&#8220;7em&#8220; alter_height=&#8220;none&#8220; hide_on_mobile=&#8220;&#8220;][\/vc_column][\/vc_row][vc_row][vc_column][vc_cta h2=&#8220;M\u00f6chten Sie mehr \u00fcber unsere Dienstleistungen erfahren?&#8220; h4=&#8220;Lassen Sie uns gemeinsam Ihr Projekt besprechen&#8220; add_button=&#8220;bottom&#8220; btn_title=&#8220;Kontaktieren Sie unseren Vertrieb&#8220; btn_style=&#8220;3d&#8220; btn_color=&#8220;success&#8220; add_icon=&#8220;top&#8220; i_icon_fontawesome=&#8220;fas fa-comments&#8220; i_size=&#8220;lg&#8220; btn_link=&#8220;url:https%3A%2F%2Feurorail.eu%2Fde%2Fcontacts%2F|title:Contacts|&#8220;][\/vc_cta][\/vc_column][\/vc_row]<\/p>\n","protected":false},"excerpt":{"rendered":"<p>[vc_row][vc_column][rev_slider_vc alias=&#8220;commissionaire-de-transport_fr&#8220;][\/vc_column][\/vc_row][vc_row][vc_column][vc_empty_space height=&#8220;5.3em&#8220; alter_height=&#8220;none&#8220; hide_on_mobile=&#8220;&#8220;][\/vc_column][\/vc_row][vc_row full_width=&#8220;stretch_row_content&#8220; content_placement=&#8220;middle&#8220;][vc_column][vc_empty_space height=&#8220;3.3em&#8220; alter_height=&#8220;none&#8220; hide_on_mobile=&#8220;&#8220;][vc_column_text css_animation=&#8220;bounceInLeft&#8220;]Eurorail entwickelt und koordiniert umfassende L\u00f6sungen f\u00fcr den Schienen- und multimodalen Verkehr, die auf die Bed\u00fcrfnisse der europ\u00e4ischen Industrie zugeschnitten sind.Durch die Vernetzung seiner Tochtergesellschaft RegioRail mit den europ\u00e4ischen Eisenbahnunternehmen bietet Eurorail L\u00f6sungen f\u00fcr Einzelwagen und St\u00fcckgutverkehr von Punkt zu Punkt in ganz Europa mit einem auf dem Markt einzigartigen&hellip;<\/p>\n","protected":false},"author":11,"featured_media":0,"parent":0,"menu_order":0,"comment_status":"closed","ping_status":"closed","template":"","meta":{"footnotes":""},"class_list":["post-7756","page","type-page","status-publish","hentry"],"yoast_head":"<!-- This site is optimized with the Yoast SEO plugin v27.5 - https:\/\/yoast.com\/product\/yoast-seo-wordpress\/ -->\n<title>Eurorail: Ihr leistungsstarker und zuverl\u00e4ssiger Transportkoordinator<\/title>\n<meta name=\"description\" content=\"Eurorail transportiert Ihre G\u00fcter vom ersten bis zum letzten Kilometer mit All-inclusive-L\u00f6sungen. - Eurorail - Regiorail\" \/>\n<meta name=\"robots\" content=\"index, follow, max-snippet:-1, max-image-preview:large, max-video-preview:-1\" \/>\n<link rel=\"canonical\" href=\"https:\/\/eurorail.eu\/de\/transportkoordinator\/\" \/>\n<meta property=\"og:locale\" content=\"de_DE\" \/>\n<meta property=\"og:type\" content=\"article\" \/>\n<meta property=\"og:title\" content=\"Eurorail: Ihr leistungsstarker und zuverl\u00e4ssiger Transportkoordinator\" \/>\n<meta property=\"og:description\" content=\"Eurorail transportiert Ihre G\u00fcter vom ersten bis zum letzten Kilometer mit All-inclusive-L\u00f6sungen. - Eurorail - Regiorail\" \/>\n<meta property=\"og:url\" content=\"https:\/\/eurorail.eu\/de\/transportkoordinator\/\" \/>\n<meta property=\"og:site_name\" content=\"Eurorail\" \/>\n<meta property=\"article:modified_time\" content=\"2026-04-24T15:37:38+00:00\" \/>\n<meta name=\"twitter:card\" content=\"summary_large_image\" \/>\n<meta name=\"twitter:label1\" content=\"Gesch\u00e4tzte Lesezeit\" \/>\n\t<meta name=\"twitter:data1\" content=\"3\u00a0Minuten\" \/>\n<script type=\"application\/ld+json\" class=\"yoast-schema-graph\">{\"@context\":\"https:\\\/\\\/schema.org\",\"@graph\":[{\"@type\":\"WebPage\",\"@id\":\"https:\\\/\\\/eurorail.eu\\\/de\\\/transportkoordinator\\\/\",\"url\":\"https:\\\/\\\/eurorail.eu\\\/de\\\/transportkoordinator\\\/\",\"name\":\"Eurorail: Ihr leistungsstarker und zuverl\u00e4ssiger Transportkoordinator\",\"isPartOf\":{\"@id\":\"https:\\\/\\\/eurorail.eu\\\/de\\\/#website\"},\"datePublished\":\"2026-03-11T16:45:23+00:00\",\"dateModified\":\"2026-04-24T15:37:38+00:00\",\"description\":\"Eurorail transportiert Ihre G\u00fcter vom ersten bis zum letzten Kilometer mit All-inclusive-L\u00f6sungen. - Eurorail - Regiorail\",\"breadcrumb\":{\"@id\":\"https:\\\/\\\/eurorail.eu\\\/de\\\/transportkoordinator\\\/#breadcrumb\"},\"inLanguage\":\"de\",\"potentialAction\":[{\"@type\":\"ReadAction\",\"target\":[\"https:\\\/\\\/eurorail.eu\\\/de\\\/transportkoordinator\\\/\"]}]},{\"@type\":\"BreadcrumbList\",\"@id\":\"https:\\\/\\\/eurorail.eu\\\/de\\\/transportkoordinator\\\/#breadcrumb\",\"itemListElement\":[{\"@type\":\"ListItem\",\"position\":1,\"name\":\"Accueil\",\"item\":\"https:\\\/\\\/eurorail.eu\\\/de\\\/\"},{\"@type\":\"ListItem\",\"position\":2,\"name\":\"Transportkoordinator\"}]},{\"@type\":\"WebSite\",\"@id\":\"https:\\\/\\\/eurorail.eu\\\/de\\\/#website\",\"url\":\"https:\\\/\\\/eurorail.eu\\\/de\\\/\",\"name\":\"Eurorail\",\"description\":\"We integrate rail in a global logistic concept\",\"potentialAction\":[{\"@type\":\"SearchAction\",\"target\":{\"@type\":\"EntryPoint\",\"urlTemplate\":\"https:\\\/\\\/eurorail.eu\\\/de\\\/?s={search_term_string}\"},\"query-input\":{\"@type\":\"PropertyValueSpecification\",\"valueRequired\":true,\"valueName\":\"search_term_string\"}}],\"inLanguage\":\"de\"}]}<\/script>\n<!-- \/ Yoast SEO plugin. -->","yoast_head_json":{"title":"Eurorail: Ihr leistungsstarker und zuverl\u00e4ssiger Transportkoordinator","description":"Eurorail transportiert Ihre G\u00fcter vom ersten bis zum letzten Kilometer mit All-inclusive-L\u00f6sungen. - Eurorail - Regiorail","robots":{"index":"index","follow":"follow","max-snippet":"max-snippet:-1","max-image-preview":"max-image-preview:large","max-video-preview":"max-video-preview:-1"},"canonical":"https:\/\/eurorail.eu\/de\/transportkoordinator\/","og_locale":"de_DE","og_type":"article","og_title":"Eurorail: Ihr leistungsstarker und zuverl\u00e4ssiger Transportkoordinator","og_description":"Eurorail transportiert Ihre G\u00fcter vom ersten bis zum letzten Kilometer mit All-inclusive-L\u00f6sungen. - Eurorail - Regiorail","og_url":"https:\/\/eurorail.eu\/de\/transportkoordinator\/","og_site_name":"Eurorail","article_modified_time":"2026-04-24T15:37:38+00:00","twitter_card":"summary_large_image","twitter_misc":{"Gesch\u00e4tzte Lesezeit":"3\u00a0Minuten"},"schema":{"@context":"https:\/\/schema.org","@graph":[{"@type":"WebPage","@id":"https:\/\/eurorail.eu\/de\/transportkoordinator\/","url":"https:\/\/eurorail.eu\/de\/transportkoordinator\/","name":"Eurorail: Ihr leistungsstarker und zuverl\u00e4ssiger Transportkoordinator","isPartOf":{"@id":"https:\/\/eurorail.eu\/de\/#website"},"datePublished":"2026-03-11T16:45:23+00:00","dateModified":"2026-04-24T15:37:38+00:00","description":"Eurorail transportiert Ihre G\u00fcter vom ersten bis zum letzten Kilometer mit All-inclusive-L\u00f6sungen. - Eurorail - Regiorail","breadcrumb":{"@id":"https:\/\/eurorail.eu\/de\/transportkoordinator\/#breadcrumb"},"inLanguage":"de","potentialAction":[{"@type":"ReadAction","target":["https:\/\/eurorail.eu\/de\/transportkoordinator\/"]}]},{"@type":"BreadcrumbList","@id":"https:\/\/eurorail.eu\/de\/transportkoordinator\/#breadcrumb","itemListElement":[{"@type":"ListItem","position":1,"name":"Accueil","item":"https:\/\/eurorail.eu\/de\/"},{"@type":"ListItem","position":2,"name":"Transportkoordinator"}]},{"@type":"WebSite","@id":"https:\/\/eurorail.eu\/de\/#website","url":"https:\/\/eurorail.eu\/de\/","name":"Eurorail","description":"We integrate rail in a global logistic concept","potentialAction":[{"@type":"SearchAction","target":{"@type":"EntryPoint","urlTemplate":"https:\/\/eurorail.eu\/de\/?s={search_term_string}"},"query-input":{"@type":"PropertyValueSpecification","valueRequired":true,"valueName":"search_term_string"}}],"inLanguage":"de"}]}},"_links":{"self":[{"href":"https:\/\/eurorail.eu\/de\/wp-json\/wp\/v2\/pages\/7756","targetHints":{"allow":["GET"]}}],"collection":[{"href":"https:\/\/eurorail.eu\/de\/wp-json\/wp\/v2\/pages"}],"about":[{"href":"https:\/\/eurorail.eu\/de\/wp-json\/wp\/v2\/types\/page"}],"author":[{"embeddable":true,"href":"https:\/\/eurorail.eu\/de\/wp-json\/wp\/v2\/users\/11"}],"replies":[{"embeddable":true,"href":"https:\/\/eurorail.eu\/de\/wp-json\/wp\/v2\/comments?post=7756"}],"version-history":[{"count":19,"href":"https:\/\/eurorail.eu\/de\/wp-json\/wp\/v2\/pages\/7756\/revisions"}],"predecessor-version":[{"id":7942,"href":"https:\/\/eurorail.eu\/de\/wp-json\/wp\/v2\/pages\/7756\/revisions\/7942"}],"wp:attachment":[{"href":"https:\/\/eurorail.eu\/de\/wp-json\/wp\/v2\/media?parent=7756"}],"curies":[{"name":"wp","href":"https:\/\/api.w.org\/{rel}","templated":true}]}}