{"id":3693,"date":"2020-04-15T08:49:32","date_gmt":"2020-04-15T08:49:32","guid":{"rendered":"https:\/\/eurorail.adeo-dev.fr\/entreprise-ferroviaire\/"},"modified":"2026-02-16T16:15:45","modified_gmt":"2026-02-16T15:15:45","slug":"entreprise-ferroviaire","status":"publish","type":"page","link":"https:\/\/eurorail.eu\/en\/entreprise-ferroviaire\/","title":{"rendered":"Railway Undertaking"},"content":{"rendered":"<p>[vc_row full_width=&#8221;stretch_row&#8221;][vc_column][rev_slider_vc alias=&#8221;Header_Regiorail_photos_en&#8221;][\/vc_column][\/vc_row][vc_row full_width=&#8221;stretch_row&#8221;][vc_column][vc_empty_space height=&#8221;3.3em&#8221; alter_height=&#8221;none&#8221; hide_on_mobile=&#8221;&#8221;]<div  id=\"sc_services_1431017384\"            class=\"sc_services sc_services_default\" data-slides-per-view=\"3\" data-interval=\"0\" data-slides-min-width=\"200\"\t\t>\n\t\t<h6 class=\"sc_item_subtitle sc_services_subtitle sc_align_default sc_item_title_style_default\">NETWORK OF LOCAL SHORTLINE UNITS<\/h6><h2 class=\"sc_item_title sc_services_title sc_align_default sc_item_title_style_default\">RegioRail think NETWORK !<\/h2><div class=\"sc_services_columns sc_item_columns trx_addons_columns_wrap columns_padding_bottom\"><div class=\"trx_addons_column-1_3\"><div class=\"sc_services_item with_icon sc_services_item_featured_top\">\n\t<a href=\"https:\/\/eurorail.eu\/en\/services\/la-proximite\/\"\n\t\t\t id=\"sc_services_1431017384_icon-rail\"\n\t\t\t class=\"sc_services_item_icon icon-rail\"\n\t\t\t ><\/a>\t\n\t<div class=\"sc_services_item_info\">\n\t\t<div class=\"sc_services_item_header\">\n\t\t\t<h4 class=\"sc_services_item_title\"><a href=\"https:\/\/eurorail.eu\/en\/services\/la-proximite\/\">Proximity<\/a><\/h4>\n\t\t\t<!--<div class=\"sc_services_item_subtitle\"><a href=\"https:\/\/eurorail.eu\/en\/services_group\/icon-services-en\/\" title=\"View all posts in Icon Services\">Icon Services<\/a><\/div> -->\n\t\t<\/div>\n\t\t\t\t\t<div class=\"sc_services_item_content\"><p>As each case is unique we propose solutions adapted to the specific request, using the most adequate means for your goods.<\/p>\n<\/div>\n\t\t\t\t\t\t<\/div>\n<\/div>\n<\/div><div class=\"trx_addons_column-1_3\"><div class=\"sc_services_item with_icon sc_services_item_featured_top\">\n\t<a href=\"https:\/\/eurorail.eu\/en\/services\/le-challenge\/\"\n\t\t\t id=\"sc_services_1431017384_icon-sphere-1\"\n\t\t\t class=\"sc_services_item_icon icon-sphere-1\"\n\t\t\t ><\/a>\t\n\t<div class=\"sc_services_item_info\">\n\t\t<div class=\"sc_services_item_header\">\n\t\t\t<h4 class=\"sc_services_item_title\"><a href=\"https:\/\/eurorail.eu\/en\/services\/le-challenge\/\">The challenge<\/a><\/h4>\n\t\t\t<!--<div class=\"sc_services_item_subtitle\"><a href=\"https:\/\/eurorail.eu\/en\/services_group\/icon-services-en\/\" title=\"View all posts in Icon Services\">Icon Services<\/a><\/div> -->\n\t\t<\/div>\n\t\t\t\t\t<div class=\"sc_services_item_content\"><p>Creating a neutral network of Shortline Services but exchanging with these Railway Undertakings more specialized in the long haul.<\/p>\n<\/div>\n\t\t\t\t\t\t<\/div>\n<\/div>\n<\/div><div class=\"trx_addons_column-1_3\"><div class=\"sc_services_item with_icon sc_services_item_featured_top\">\n\t<a href=\"https:\/\/eurorail.eu\/en\/services\/la-solution\/\"\n\t\t\t id=\"sc_services_1431017384_icon-hour\"\n\t\t\t class=\"sc_services_item_icon icon-hour\"\n\t\t\t ><\/a>\t\n\t<div class=\"sc_services_item_info\">\n\t\t<div class=\"sc_services_item_header\">\n\t\t\t<h4 class=\"sc_services_item_title\"><a href=\"https:\/\/eurorail.eu\/en\/services\/la-solution\/\">The solution<\/a><\/h4>\n\t\t\t<!--<div class=\"sc_services_item_subtitle\"><a href=\"https:\/\/eurorail.eu\/en\/services_group\/icon-services-en\/\" title=\"View all posts in Icon Services\">Icon Services<\/a><\/div> -->\n\t\t<\/div>\n\t\t\t\t\t<div class=\"sc_services_item_content\"><p>RegioRail operates a network of different local units, making it possible to spread a number of fixed costs, which are very important in railway business.<\/p>\n<\/div>\n\t\t\t\t\t\t<\/div>\n<\/div>\n<\/div><\/div><\/div><!-- \/.sc_services -->[\/vc_column][\/vc_row][vc_row][vc_column][vc_empty_space height=&#8221;50px&#8221; hide_on_mobile=&#8221;&#8221;][\/vc_column][\/vc_row][vc_row full_width=&#8221;stretch_row&#8221; scheme=&#8221;dark&#8221; css=&#8221;.vc_custom_1584464192667{background-color: #123181 !important;}&#8221;][vc_column][vc_empty_space height=&#8221;6.25em&#8221; alter_height=&#8221;none&#8221; hide_on_mobile=&#8221;&#8221;][vc_column_text css_animation=&#8221;bounceInDown&#8221;]<\/p>\n<h2 style=\"text-align: center;\">An important deployment capacity, ready to deal with major issues<\/h2>\n<p>[\/vc_column_text][vc_empty_space height=&#8221;6.25em&#8221; alter_height=&#8221;none&#8221; hide_on_mobile=&#8221;&#8221;][\/vc_column][\/vc_row][vc_row full_width=&#8221;stretch_row_content_no_spaces&#8221;][vc_column][vc_empty_space height=&#8221;6.25em&#8221; alter_height=&#8221;none&#8221; hide_on_mobile=&#8221;&#8221;]<div  id=\"sc_promo_728260615\" \n\tclass=\"scheme_default sc_promo sc_promo_default  vc_custom_1587673713161 sc_promo_size_normal sc_promo_image_position_left\"><div class=\"sc_promo_image\" style=\"background-image:url(https:\/\/eurorail.eu\/wp-content\/uploads\/2020\/03\/Regiorail-scaled.jpg);width:50%;left: 0;\"><\/div><div class=\"sc_promo_text\" style=\"width: 50%;float: right;\">\n\t\t\t<div class=\"sc_promo_text_inner\" style=\"\"><h6 class=\"sc_item_subtitle sc_promo_subtitle sc_align_default sc_item_title_style_default\">COMPANY WITHIN EURORAIL GROUP<\/h6><h2 class=\"sc_item_title sc_promo_title sc_align_default sc_item_title_style_default\">Regiorail France :<\/h2><div class=\"sc_item_descr sc_promo_descr sc_align_default\">RegioRail is a relatively recent company, young, reactive and aiming for proximity.<\/p>\n<p>RegioRail was created as 50\/50 joint-venture by 2 shareholders, the Belgian logistic company Eurorail and Railroad Development Corporation (RDC), an USA investment and railway management company, with proximity and massification as primary target.<\/div><\/div>\n\t\t<\/div><!-- \/.sc_promo_text --><\/div><!-- \/.sc_promo -->[\/vc_column][\/vc_row][vc_row][vc_column][vc_empty_space height=&#8221;8em&#8221; alter_height=&#8221;none&#8221; hide_on_mobile=&#8221;&#8221;][\/vc_column][\/vc_row][vc_row][vc_column]<div id=\"widget_slider_1062130346\" class=\"widget_area sc_widget_slider vc_widget_slider wpb_content_element\"><aside id=\"widget_slider_1062130346_widget\" class=\"widget widget_slider\">\t\t\t<div class=\"slider_wrap slider_engine_revo slider_alias_bottom_regiorail_photos_en\">\n\t\t\t\t<div class=\"wp-block-themepunch-revslider 0\">\n\t\t\t<!-- START Bottom_Regiorail_photos_en REVOLUTION SLIDER 6.5.31 --><p class=\"rs-p-wp-fix\"><\/p>\n\t\t\t<rs-module-wrap id=\"rev_slider_27_1_wrapper\" data-source=\"gallery\" style=\"visibility:hidden;background:transparent;padding:0;margin:0px auto;margin-top:0;margin-bottom:0;\">\n\t\t\t\t<rs-module id=\"rev_slider_27_1\" style=\"\" data-version=\"6.5.31\">\n\t\t\t\t\t<rs-slides>\n\t\t\t\t\t\t<rs-slide style=\"position: absolute;\" data-key=\"rs-115\" data-title=\"Slide\" data-anim=\"adpr:false;\">\n\t\t\t\t\t\t\t<img decoding=\"async\" src=\"\/\/eurorail.eu\/wp-content\/plugins\/revslider\/public\/assets\/assets\/dummy.png\" alt=\"\" title=\"The solution\" class=\"rev-slidebg tp-rs-img rs-lazyload\" data-lazyload=\"\/\/eurorail.eu\/wp-content\/uploads\/2020\/03\/Eurorail.png\" data-no-retina>\n<!--\n\t\t\t\t\t\t\t--><rs-layer\n\t\t\t\t\t\t\t\tid=\"slider-27-slide-115-layer-2\" \n\t\t\t\t\t\t\t\tclass=\"tp-shape tp-shapewrapper\"\n\t\t\t\t\t\t\t\tdata-type=\"shape\"\n\t\t\t\t\t\t\t\tdata-rsp_ch=\"on\"\n\t\t\t\t\t\t\t\tdata-xy=\"x:c;xo:-32px,-13px,-3px,-1px;y:m;yo:-3px;\"\n\t\t\t\t\t\t\t\tdata-text=\"a:inherit;\"\n\t\t\t\t\t\t\t\tdata-dim=\"w:694px,694px,694px,487px;h:168,168,168,176px;\"\n\t\t\t\t\t\t\t\tdata-frame_0=\"tp:600;\"\n\t\t\t\t\t\t\t\tdata-frame_1=\"tp:600;sR:10;\"\n\t\t\t\t\t\t\t\tdata-frame_999=\"o:0;tp:600;st:w;sR:8690;\"\n\t\t\t\t\t\t\t\tstyle=\"z-index:5;background-color:rgba(18,49,129,0.5);\"\n\t\t\t\t\t\t\t> \n\t\t\t\t\t\t\t<\/rs-layer><!--\n\n\t\t\t\t\t\t\t--><rs-layer\n\t\t\t\t\t\t\t\tid=\"slider-27-slide-115-layer-7\" \n\t\t\t\t\t\t\t\tdata-type=\"text\"\n\t\t\t\t\t\t\t\tdata-rsp_ch=\"on\"\n\t\t\t\t\t\t\t\tdata-xy=\"x:c;xo:-34px,-16px,-4px,0;yo:155px,155px,152px,155px;\"\n\t\t\t\t\t\t\t\tdata-text=\"s:20,20,20,15;l:22,22,22,22;fw:600;a:center;\"\n\t\t\t\t\t\t\t\tdata-dim=\"w:609px,569px,616px,569px;h:94px,90px,91px,90px;\"\n\t\t\t\t\t\t\t\tdata-frame_0=\"tp:600;\"\n\t\t\t\t\t\t\t\tdata-frame_1=\"tp:600;sR:10;\"\n\t\t\t\t\t\t\t\tdata-frame_999=\"o:0;tp:600;st:w;sR:8690;\"\n\t\t\t\t\t\t\t\tstyle=\"z-index:6;font-family:'Montserrat';\"\n\t\t\t\t\t\t\t>The safety of our employees is a fundamental element in <br\/>our development. <br\/><br\/>This is a major preoccupancy for the years to come.\n \n\t\t\t\t\t\t\t<\/rs-layer><!--\n-->\t\t\t\t\t\t<\/rs-slide>\n\t\t\t\t\t<\/rs-slides>\n\t\t\t\t<\/rs-module>\n\t\t\t\t<script>\n\t\t\t\t\tsetREVStartSize({c: 'rev_slider_27_1',rl:[1240,1024,778,480],el:[],gw:[1024,1024,778,480],gh:[400,400,400,400],type:'standard',justify:'',layout:'fullwidth',mh:\"0\"});if (window.RS_MODULES!==undefined && window.RS_MODULES.modules!==undefined && window.RS_MODULES.modules[\"revslider271\"]!==undefined) {window.RS_MODULES.modules[\"revslider271\"].once = false;window.revapi27 = undefined;if (window.RS_MODULES.checkMinimal!==undefined) window.RS_MODULES.checkMinimal()}\n\t\t\t\t<\/script>\n\t\t\t<\/rs-module-wrap>\n\t\t\t<!-- END REVOLUTION SLIDER -->\n<\/div>\t\t\t<\/div>\n\t\t\t<\/aside><\/div>[\/vc_column][\/vc_row][vc_row full_width=&#8221;stretch_row_content_no_spaces&#8221;][vc_column][vc_empty_space height=&#8221;6.25em&#8221; alter_height=&#8221;none&#8221; hide_on_mobile=&#8221;&#8221;]<div  id=\"sc_promo_9716636\" \n\tclass=\"scheme_default sc_promo sc_promo_default  vc_custom_1587673792484 sc_promo_size_normal sc_promo_image_position_right\"><div class=\"sc_promo_image\" style=\"background-image:url(https:\/\/eurorail.eu\/wp-content\/uploads\/2020\/03\/Eurorail.png);width:50%;right: 0;\"><\/div><div class=\"sc_promo_text\" style=\"width: 50%;float: left;\">\n\t\t\t<div class=\"sc_promo_text_inner\" style=\"\"><h6 class=\"sc_item_subtitle sc_promo_subtitle sc_align_default sc_item_title_style_default\">A COMPANY WHERE HUMAN VALUES ARE IMPORTANT<\/h6><h2 class=\"sc_item_title sc_promo_title sc_align_default sc_item_title_style_default\">Our values<\/h2><div class=\"sc_item_descr sc_promo_descr sc_align_default\">Human value is important for us, employees' proposals are taken in account, assisting everyone means assisting our development.<\/div><\/div>\n\t\t<\/div><!-- \/.sc_promo_text --><\/div><!-- \/.sc_promo -->[\/vc_column][\/vc_row][vc_row][vc_column][vc_empty_space height=&#8221;7em&#8221; alter_height=&#8221;none&#8221; hide_on_mobile=&#8221;&#8221;][\/vc_column][\/vc_row][vc_row][vc_column][vc_raw_js]JTNDc2NyaXB0JTIwdHlwZSUzRCUyN3RleHQlMkZqYXZhc2NyaXB0JTI3JTNFJTBBbGV0JTIwbGllblRpdHJlcyUyMCUzRCUyMGRvY3VtZW50LmdldEVsZW1lbnRzQnlDbGFzc05hbWUlMjglMjJzY19zZXJ2aWNlc19pdGVtX3RpdGxlJTIyJTI5JTNCJTBBJTBBaWYlMjhsaWVuVGl0cmVzJTVCMCU1RCUyMCUyMSUzRCUyMHVuZGVmaW5lZCUyMCUyMCUyOSUwQSU3QiUwQSUyMCUyMCUyMCUyMGxpZW5UaXRyZXMlNUIwJTVELmNoaWxkTm9kZXMlNUIwJTVELnJlbW92ZUF0dHJpYnV0ZSUyOCUyMmhyZWYlMjIlMjklM0IlMjAlMEElMjAlMjAlMjAlMjBsaWVuVGl0cmVzJTVCMSU1RC5jaGlsZE5vZGVzJTVCMCU1RC5yZW1vdmVBdHRyaWJ1dGUlMjglMjJocmVmJTIyJTI5JTNCJTIwJTBBJTIwJTIwJTIwJTIwbGllblRpdHJlcyU1QjIlNUQuY2hpbGROb2RlcyU1QjAlNUQucmVtb3ZlQXR0cmlidXRlJTI4JTIyaHJlZiUyMiUyOSUzQiUyMCUwQSU3RCUwQSUzQyUyRnNjcmlwdCUzRQ==[\/vc_raw_js][\/vc_column][\/vc_row]<\/p>\n","protected":false},"excerpt":{"rendered":"<p>[vc_row full_width=&#8221;stretch_row&#8221;][vc_column][rev_slider_vc alias=&#8221;Header_Regiorail_photos_en&#8221;][\/vc_column][\/vc_row][vc_row full_width=&#8221;stretch_row&#8221;][vc_column][vc_empty_space height=&#8221;3.3em&#8221; alter_height=&#8221;none&#8221; hide_on_mobile=&#8221;&#8221;][\/vc_column][\/vc_row][vc_row][vc_column][vc_empty_space height=&#8221;50px&#8221; hide_on_mobile=&#8221;&#8221;][\/vc_column][\/vc_row][vc_row full_width=&#8221;stretch_row&#8221; scheme=&#8221;dark&#8221; css=&#8221;.vc_custom_1584464192667{background-color: #123181 !important;}&#8221;][vc_column][vc_empty_space height=&#8221;6.25em&#8221; alter_height=&#8221;none&#8221; hide_on_mobile=&#8221;&#8221;][vc_column_text css_animation=&#8221;bounceInDown&#8221;] An important deployment capacity, ready to deal with major issues [\/vc_column_text][vc_empty_space height=&#8221;6.25em&#8221; alter_height=&#8221;none&#8221; hide_on_mobile=&#8221;&#8221;][\/vc_column][\/vc_row][vc_row full_width=&#8221;stretch_row_content_no_spaces&#8221;][vc_column][vc_empty_space height=&#8221;6.25em&#8221; alter_height=&#8221;none&#8221; hide_on_mobile=&#8221;&#8221;][\/vc_column][\/vc_row][vc_row][vc_column][vc_empty_space height=&#8221;8em&#8221; alter_height=&#8221;none&#8221; hide_on_mobile=&#8221;&#8221;][\/vc_column][\/vc_row][vc_row][vc_column][\/vc_column][\/vc_row][vc_row full_width=&#8221;stretch_row_content_no_spaces&#8221;][vc_column][vc_empty_space height=&#8221;6.25em&#8221; alter_height=&#8221;none&#8221; hide_on_mobile=&#8221;&#8221;][\/vc_column][\/vc_row][vc_row][vc_column][vc_empty_space height=&#8221;7em&#8221; alter_height=&#8221;none&#8221; hide_on_mobile=&#8221;&#8221;][\/vc_column][\/vc_row][vc_row][vc_column][vc_raw_js]JTNDc2NyaXB0JTIwdHlwZSUzRCUyN3RleHQlMkZqYXZhc2NyaXB0JTI3JTNFJTBBbGV0JTIwbGllblRpdHJlcyUyMCUzRCUyMGRvY3VtZW50LmdldEVsZW1lbnRzQnlDbGFzc05hbWUlMjglMjJzY19zZXJ2aWNlc19pdGVtX3RpdGxlJTIyJTI5JTNCJTBBJTBBaWYlMjhsaWVuVGl0cmVzJTVCMCU1RCUyMCUyMSUzRCUyMHVuZGVmaW5lZCUyMCUyMCUyOSUwQSU3QiUwQSUyMCUyMCUyMCUyMGxpZW5UaXRyZXMlNUIwJTVELmNoaWxkTm9kZXMlNUIwJTVELnJlbW92ZUF0dHJpYnV0ZSUyOCUyMmhyZWYlMjIlMjklM0IlMjAlMEElMjAlMjAlMjAlMjBsaWVuVGl0cmVzJTVCMSU1RC5jaGlsZE5vZGVzJTVCMCU1RC5yZW1vdmVBdHRyaWJ1dGUlMjglMjJocmVmJTIyJTI5JTNCJTIwJTBBJTIwJTIwJTIwJTIwbGllblRpdHJlcyU1QjIlNUQuY2hpbGROb2RlcyU1QjAlNUQucmVtb3ZlQXR0cmlidXRlJTI4JTIyaHJlZiUyMiUyOSUzQiUyMCUwQSU3RCUwQSUzQyUyRnNjcmlwdCUzRQ==[\/vc_raw_js][\/vc_column][\/vc_row]<\/p>\n","protected":false},"author":1,"featured_media":0,"parent":0,"menu_order":0,"comment_status":"closed","ping_status":"closed","template":"","meta":{"footnotes":""},"class_list":["post-3693","page","type-page","status-publish","hentry"],"yoast_head":"<!-- This site is optimized with the Yoast SEO plugin v27.5 - https:\/\/yoast.com\/product\/yoast-seo-wordpress\/ -->\n<title>Regiorail entreprise ferroviaire filiale du groupe Eurorail<\/title>\n<meta name=\"description\" content=\"Regiorail est un groupement d&#039;op\u00e9rateur ferroviaire de proximit\u00e9 qui propose des solutions adapt\u00e9es et des outils n\u00e9cessaires au transport de marchandises.\" \/>\n<meta name=\"robots\" content=\"index, follow, max-snippet:-1, max-image-preview:large, max-video-preview:-1\" \/>\n<link rel=\"canonical\" href=\"https:\/\/eurorail.eu\/en\/entreprise-ferroviaire\/\" \/>\n<meta property=\"og:locale\" content=\"en_US\" \/>\n<meta property=\"og:type\" content=\"article\" \/>\n<meta property=\"og:title\" content=\"Regiorail entreprise ferroviaire filiale du groupe Eurorail\" \/>\n<meta property=\"og:description\" content=\"Regiorail est un groupement d&#039;op\u00e9rateur ferroviaire de proximit\u00e9 qui propose des solutions adapt\u00e9es et des outils n\u00e9cessaires au transport de marchandises.\" \/>\n<meta property=\"og:url\" content=\"https:\/\/eurorail.eu\/en\/entreprise-ferroviaire\/\" \/>\n<meta property=\"og:site_name\" content=\"Eurorail\" \/>\n<meta property=\"article:modified_time\" content=\"2026-02-16T15:15:45+00:00\" \/>\n<meta name=\"twitter:card\" content=\"summary_large_image\" \/>\n<meta name=\"twitter:label1\" content=\"Est. reading time\" \/>\n\t<meta name=\"twitter:data1\" content=\"2 minutes\" \/>\n<script type=\"application\/ld+json\" class=\"yoast-schema-graph\">{\"@context\":\"https:\\\/\\\/schema.org\",\"@graph\":[{\"@type\":\"WebPage\",\"@id\":\"https:\\\/\\\/eurorail.eu\\\/en\\\/entreprise-ferroviaire\\\/\",\"url\":\"https:\\\/\\\/eurorail.eu\\\/en\\\/entreprise-ferroviaire\\\/\",\"name\":\"Regiorail entreprise ferroviaire filiale du groupe Eurorail\",\"isPartOf\":{\"@id\":\"https:\\\/\\\/eurorail.eu\\\/en\\\/#website\"},\"datePublished\":\"2020-04-15T08:49:32+00:00\",\"dateModified\":\"2026-02-16T15:15:45+00:00\",\"description\":\"Regiorail est un groupement d'op\u00e9rateur ferroviaire de proximit\u00e9 qui propose des solutions adapt\u00e9es et des outils n\u00e9cessaires au transport de marchandises.\",\"breadcrumb\":{\"@id\":\"https:\\\/\\\/eurorail.eu\\\/en\\\/entreprise-ferroviaire\\\/#breadcrumb\"},\"inLanguage\":\"en-US\",\"potentialAction\":[{\"@type\":\"ReadAction\",\"target\":[\"https:\\\/\\\/eurorail.eu\\\/en\\\/entreprise-ferroviaire\\\/\"]}]},{\"@type\":\"BreadcrumbList\",\"@id\":\"https:\\\/\\\/eurorail.eu\\\/en\\\/entreprise-ferroviaire\\\/#breadcrumb\",\"itemListElement\":[{\"@type\":\"ListItem\",\"position\":1,\"name\":\"Accueil\",\"item\":\"https:\\\/\\\/eurorail.eu\\\/en\\\/\"},{\"@type\":\"ListItem\",\"position\":2,\"name\":\"Railway Undertaking\"}]},{\"@type\":\"WebSite\",\"@id\":\"https:\\\/\\\/eurorail.eu\\\/en\\\/#website\",\"url\":\"https:\\\/\\\/eurorail.eu\\\/en\\\/\",\"name\":\"Eurorail\",\"description\":\"We integrate rail in a global logistic concept\",\"potentialAction\":[{\"@type\":\"SearchAction\",\"target\":{\"@type\":\"EntryPoint\",\"urlTemplate\":\"https:\\\/\\\/eurorail.eu\\\/en\\\/?s={search_term_string}\"},\"query-input\":{\"@type\":\"PropertyValueSpecification\",\"valueRequired\":true,\"valueName\":\"search_term_string\"}}],\"inLanguage\":\"en-US\"}]}<\/script>\n<!-- \/ Yoast SEO plugin. -->","yoast_head_json":{"title":"Regiorail entreprise ferroviaire filiale du groupe Eurorail","description":"Regiorail est un groupement d'op\u00e9rateur ferroviaire de proximit\u00e9 qui propose des solutions adapt\u00e9es et des outils n\u00e9cessaires au transport de marchandises.","robots":{"index":"index","follow":"follow","max-snippet":"max-snippet:-1","max-image-preview":"max-image-preview:large","max-video-preview":"max-video-preview:-1"},"canonical":"https:\/\/eurorail.eu\/en\/entreprise-ferroviaire\/","og_locale":"en_US","og_type":"article","og_title":"Regiorail entreprise ferroviaire filiale du groupe Eurorail","og_description":"Regiorail est un groupement d'op\u00e9rateur ferroviaire de proximit\u00e9 qui propose des solutions adapt\u00e9es et des outils n\u00e9cessaires au transport de marchandises.","og_url":"https:\/\/eurorail.eu\/en\/entreprise-ferroviaire\/","og_site_name":"Eurorail","article_modified_time":"2026-02-16T15:15:45+00:00","twitter_card":"summary_large_image","twitter_misc":{"Est. reading time":"2 minutes"},"schema":{"@context":"https:\/\/schema.org","@graph":[{"@type":"WebPage","@id":"https:\/\/eurorail.eu\/en\/entreprise-ferroviaire\/","url":"https:\/\/eurorail.eu\/en\/entreprise-ferroviaire\/","name":"Regiorail entreprise ferroviaire filiale du groupe Eurorail","isPartOf":{"@id":"https:\/\/eurorail.eu\/en\/#website"},"datePublished":"2020-04-15T08:49:32+00:00","dateModified":"2026-02-16T15:15:45+00:00","description":"Regiorail est un groupement d'op\u00e9rateur ferroviaire de proximit\u00e9 qui propose des solutions adapt\u00e9es et des outils n\u00e9cessaires au transport de marchandises.","breadcrumb":{"@id":"https:\/\/eurorail.eu\/en\/entreprise-ferroviaire\/#breadcrumb"},"inLanguage":"en-US","potentialAction":[{"@type":"ReadAction","target":["https:\/\/eurorail.eu\/en\/entreprise-ferroviaire\/"]}]},{"@type":"BreadcrumbList","@id":"https:\/\/eurorail.eu\/en\/entreprise-ferroviaire\/#breadcrumb","itemListElement":[{"@type":"ListItem","position":1,"name":"Accueil","item":"https:\/\/eurorail.eu\/en\/"},{"@type":"ListItem","position":2,"name":"Railway Undertaking"}]},{"@type":"WebSite","@id":"https:\/\/eurorail.eu\/en\/#website","url":"https:\/\/eurorail.eu\/en\/","name":"Eurorail","description":"We integrate rail in a global logistic concept","potentialAction":[{"@type":"SearchAction","target":{"@type":"EntryPoint","urlTemplate":"https:\/\/eurorail.eu\/en\/?s={search_term_string}"},"query-input":{"@type":"PropertyValueSpecification","valueRequired":true,"valueName":"search_term_string"}}],"inLanguage":"en-US"}]}},"_links":{"self":[{"href":"https:\/\/eurorail.eu\/en\/wp-json\/wp\/v2\/pages\/3693","targetHints":{"allow":["GET"]}}],"collection":[{"href":"https:\/\/eurorail.eu\/en\/wp-json\/wp\/v2\/pages"}],"about":[{"href":"https:\/\/eurorail.eu\/en\/wp-json\/wp\/v2\/types\/page"}],"author":[{"embeddable":true,"href":"https:\/\/eurorail.eu\/en\/wp-json\/wp\/v2\/users\/1"}],"replies":[{"embeddable":true,"href":"https:\/\/eurorail.eu\/en\/wp-json\/wp\/v2\/comments?post=3693"}],"version-history":[{"count":32,"href":"https:\/\/eurorail.eu\/en\/wp-json\/wp\/v2\/pages\/3693\/revisions"}],"predecessor-version":[{"id":7447,"href":"https:\/\/eurorail.eu\/en\/wp-json\/wp\/v2\/pages\/3693\/revisions\/7447"}],"wp:attachment":[{"href":"https:\/\/eurorail.eu\/en\/wp-json\/wp\/v2\/media?parent=3693"}],"curies":[{"name":"wp","href":"https:\/\/api.w.org\/{rel}","templated":true}]}}