{"id":3673,"date":"2020-04-15T08:15:55","date_gmt":"2020-04-15T08:15:55","guid":{"rendered":"https:\/\/eurorail.adeo-dev.fr\/entreprise-ferroviaire\/"},"modified":"2020-04-27T13:45:39","modified_gmt":"2020-04-27T12:45:39","slug":"regiorail","status":"publish","type":"page","link":"https:\/\/eurorail.eu\/it\/regiorail\/","title":{"rendered":"Entreprise Ferroviaire"},"content":{"rendered":"<p>[vc_row full_width=&#8221;stretch_row&#8221;][vc_column][rev_slider_vc alias=&#8221;Header_Regiorail_photos_it&#8221;][\/vc_column][\/vc_row][vc_row full_width=&#8221;stretch_row&#8221;][vc_column][vc_empty_space height=&#8221;3.3em&#8221; alter_height=&#8221;none&#8221; hide_on_mobile=&#8221;&#8221;]<div  id=\"sc_services_193582415\"            class=\"sc_services sc_services_default\" data-slides-per-view=\"3\" data-interval=\"0\" data-slides-min-width=\"200\"\t\t>\n\t\t<h6 class=\"sc_item_subtitle sc_services_subtitle sc_align_default sc_item_title_style_default\">GRUPPO DI OPERATORI FERROVIARI LOCALI<\/h6><h2 class=\"sc_item_title sc_services_title sc_align_default sc_item_title_style_default\">RegioRail pensa ai collegamenti locali!<\/h2><div class=\"sc_services_columns sc_item_columns trx_addons_columns_wrap columns_padding_bottom\"><div class=\"trx_addons_column-1_3\"><div class=\"sc_services_item with_icon sc_services_item_featured_top\">\n\t<a href=\"https:\/\/eurorail.eu\/it\/services\/le-challenge\/\"\n\t\t\t id=\"sc_services_193582415_icon-sphere-1\"\n\t\t\t class=\"sc_services_item_icon icon-sphere-1\"\n\t\t\t ><\/a>\t\n\t<div class=\"sc_services_item_info\">\n\t\t<div class=\"sc_services_item_header\">\n\t\t\t<h4 class=\"sc_services_item_title\"><a href=\"https:\/\/eurorail.eu\/it\/services\/le-challenge\/\">La sfida<\/a><\/h4>\n\t\t\t<!--<div class=\"sc_services_item_subtitle\"><a href=\"https:\/\/eurorail.eu\/it\/services_group\/icon-services-it\/\" title=\"View all posts in Icon Services\">Icon Services<\/a><\/div> -->\n\t\t<\/div>\n\t\t\t\t\t<div class=\"sc_services_item_content\"><p>Creare una serie di operatori indipendenti che lavorano in completa autonomia, ma in collaborazione con le compagnie ferroviarie pi\u00f9 specializzate nelle lunghe distanze.<\/p>\n<\/div>\n\t\t\t\t\t\t<\/div>\n<\/div>\n<\/div><div class=\"trx_addons_column-1_3\"><div class=\"sc_services_item with_icon sc_services_item_featured_top\">\n\t<a href=\"https:\/\/eurorail.eu\/it\/services\/la-solution\/\"\n\t\t\t id=\"sc_services_193582415_icon-hour\"\n\t\t\t class=\"sc_services_item_icon icon-hour\"\n\t\t\t ><\/a>\t\n\t<div class=\"sc_services_item_info\">\n\t\t<div class=\"sc_services_item_header\">\n\t\t\t<h4 class=\"sc_services_item_title\"><a href=\"https:\/\/eurorail.eu\/it\/services\/la-solution\/\">La soluzione<\/a><\/h4>\n\t\t\t<!--<div class=\"sc_services_item_subtitle\"><a href=\"https:\/\/eurorail.eu\/it\/services_group\/icon-services-it\/\" title=\"View all posts in Icon Services\">Icon Services<\/a><\/div> -->\n\t\t<\/div>\n\t\t\t\t\t<div class=\"sc_services_item_content\"><p>Avendo una rete di pi\u00f9 operatori, RegioRail ha la possibilit\u00e0 di distribuire I vari costi fissi che sono particolarmente gravosi nel settore ferroviario.<\/p>\n<\/div>\n\t\t\t\t\t\t<\/div>\n<\/div>\n<\/div><div class=\"trx_addons_column-1_3\"><div class=\"sc_services_item with_icon sc_services_item_featured_top\">\n\t<a href=\"https:\/\/eurorail.eu\/it\/services\/la-proximite\/\"\n\t\t\t id=\"sc_services_193582415_icon-rail\"\n\t\t\t class=\"sc_services_item_icon icon-rail\"\n\t\t\t ><\/a>\t\n\t<div class=\"sc_services_item_info\">\n\t\t<div class=\"sc_services_item_header\">\n\t\t\t<h4 class=\"sc_services_item_title\"><a href=\"https:\/\/eurorail.eu\/it\/services\/la-proximite\/\">Prossimit\u00e0<\/a><\/h4>\n\t\t\t<!--<div class=\"sc_services_item_subtitle\"><a href=\"https:\/\/eurorail.eu\/it\/services_group\/icon-services-it\/\" title=\"View all posts in Icon Services\">Icon Services<\/a><\/div> -->\n\t\t<\/div>\n\t\t\t\t\t<div class=\"sc_services_item_content\"><p>Poich\u00e9 ogni caso \u00e8 unico, offriamo soluzioni adatte ai vari problemi dei nostri clienti, utilizzando diversi  strumenti per il trasporto delle loro merci.<\/p>\n<\/div>\n\t\t\t\t\t\t<\/div>\n<\/div>\n<\/div><\/div><\/div><!-- \/.sc_services -->[\/vc_column][\/vc_row][vc_row][vc_column][vc_empty_space height=&#8221;50px&#8221; hide_on_mobile=&#8221;&#8221;][\/vc_column][\/vc_row][vc_row full_width=&#8221;stretch_row&#8221; scheme=&#8221;dark&#8221; css=&#8221;.vc_custom_1584464192667{background-color: #123181 !important;}&#8221;][vc_column][vc_empty_space height=&#8221;6.25em&#8221; alter_height=&#8221;none&#8221; hide_on_mobile=&#8221;&#8221;][vc_column_text css_animation=&#8221;bounceInDown&#8221;]<\/p>\n<h2 style=\"text-align: center;\">Una forte capacit\u00e0 di adattamento per affrontare sfide sempre diverse<\/h2>\n<p>[\/vc_column_text][vc_empty_space height=&#8221;6.25em&#8221; alter_height=&#8221;none&#8221; hide_on_mobile=&#8221;&#8221;][\/vc_column][\/vc_row][vc_row full_width=&#8221;stretch_row_content_no_spaces&#8221;][vc_column][vc_empty_space height=&#8221;6.25em&#8221; alter_height=&#8221;none&#8221; hide_on_mobile=&#8221;&#8221;]<div  id=\"sc_promo_1956780714\" \n\tclass=\"scheme_default sc_promo sc_promo_default  vc_custom_1587551895767 sc_promo_size_normal sc_promo_image_position_left\"><div class=\"sc_promo_image\" style=\"background-image:url(https:\/\/eurorail.eu\/wp-content\/uploads\/2020\/03\/Regiorail-scaled.jpg);width:50%;left: 0;\"><\/div><div class=\"sc_promo_text\" style=\"width: 50%;float: right;\">\n\t\t\t<div class=\"sc_promo_text_inner\" style=\"\"><h6 class=\"sc_item_subtitle sc_promo_subtitle sc_align_default sc_item_title_style_default\">FILIALE DEL GRUPPO EURORAIL<\/h6><h2 class=\"sc_item_title sc_promo_title sc_align_default sc_item_title_style_default\">Regiorail France :<\/h2><div class=\"sc_item_descr sc_promo_descr sc_align_default\">Regiorail \u00e8 un'azienda nuova, giovane e reattiva e che ha come priorit\u00e0 il trasporto ferroviario locale.<\/p>\n<p>La joint venture RegioRail \u00e8 nata dal desiderio di due azionisti (al 50\/50 - il logista belga Eurorail e la societ\u00e0 americana di investimenti e gestione ferroviaria Railroad Development Corporation (RDC)) di posizionarsi sul mercato del trasporto locale.<\/div><\/div>\n\t\t<\/div><!-- \/.sc_promo_text --><\/div><!-- \/.sc_promo -->[\/vc_column][\/vc_row][vc_row][vc_column][vc_empty_space height=&#8221;8em&#8221; alter_height=&#8221;none&#8221; hide_on_mobile=&#8221;&#8221;][\/vc_column][\/vc_row][vc_row][vc_column]<div id=\"widget_slider_751570128\" class=\"widget_area sc_widget_slider vc_widget_slider wpb_content_element\"><aside id=\"widget_slider_751570128_widget\" class=\"widget widget_slider\">\t\t\t<div class=\"slider_wrap slider_engine_revo slider_alias_bottom_regiorail_photos_it\">\n\t\t\t\t<div class=\"wp-block-themepunch-revslider 0\">\n\t\t\t<!-- START Bottom_Regiorail_photos_it REVOLUTION SLIDER 6.5.31 --><p class=\"rs-p-wp-fix\"><\/p>\n\t\t\t<rs-module-wrap id=\"rev_slider_29_1_wrapper\" data-source=\"gallery\" style=\"visibility:hidden;background:transparent;padding:0;margin:0px auto;margin-top:0;margin-bottom:0;\">\n\t\t\t\t<rs-module id=\"rev_slider_29_1\" style=\"\" data-version=\"6.5.31\">\n\t\t\t\t\t<rs-slides>\n\t\t\t\t\t\t<rs-slide style=\"position: absolute;\" data-key=\"rs-117\" data-title=\"Slide\" data-anim=\"adpr:false;\">\n\t\t\t\t\t\t\t<img decoding=\"async\" src=\"\/\/eurorail.eu\/wp-content\/plugins\/revslider\/public\/assets\/assets\/dummy.png\" alt=\"\" title=\"Prossimit\u00e0\" class=\"rev-slidebg tp-rs-img rs-lazyload\" data-lazyload=\"\/\/eurorail.eu\/wp-content\/uploads\/2020\/03\/Eurorail.png\" data-no-retina>\n<!--\n\t\t\t\t\t\t\t--><rs-layer\n\t\t\t\t\t\t\t\tid=\"slider-29-slide-117-layer-2\" \n\t\t\t\t\t\t\t\tclass=\"tp-shape tp-shapewrapper\"\n\t\t\t\t\t\t\t\tdata-type=\"shape\"\n\t\t\t\t\t\t\t\tdata-rsp_ch=\"on\"\n\t\t\t\t\t\t\t\tdata-xy=\"x:c;xo:-32px,-13px,-3px,-1px;y:m;yo:-3px;\"\n\t\t\t\t\t\t\t\tdata-text=\"a:inherit;\"\n\t\t\t\t\t\t\t\tdata-dim=\"w:694px,694px,694px,487px;h:168,168,168,176px;\"\n\t\t\t\t\t\t\t\tdata-frame_0=\"tp:600;\"\n\t\t\t\t\t\t\t\tdata-frame_1=\"tp:600;sR:10;\"\n\t\t\t\t\t\t\t\tdata-frame_999=\"o:0;tp:600;st:w;sR:8690;\"\n\t\t\t\t\t\t\t\tstyle=\"z-index:5;background-color:rgba(18,49,129,0.5);\"\n\t\t\t\t\t\t\t> \n\t\t\t\t\t\t\t<\/rs-layer><!--\n\n\t\t\t\t\t\t\t--><rs-layer\n\t\t\t\t\t\t\t\tid=\"slider-29-slide-117-layer-7\" \n\t\t\t\t\t\t\t\tdata-type=\"text\"\n\t\t\t\t\t\t\t\tdata-rsp_ch=\"on\"\n\t\t\t\t\t\t\t\tdata-xy=\"x:c;xo:-34px,-16px,-4px,0;yo:155px,155px,152px,155px;\"\n\t\t\t\t\t\t\t\tdata-text=\"s:20,20,20,15;l:22,22,22,22;fw:600;a:center;\"\n\t\t\t\t\t\t\t\tdata-dim=\"w:609px,569px,616px,569px;h:94px,90px,91px,90px;\"\n\t\t\t\t\t\t\t\tdata-frame_0=\"tp:600;\"\n\t\t\t\t\t\t\t\tdata-frame_1=\"tp:600;sR:10;\"\n\t\t\t\t\t\t\t\tdata-frame_999=\"o:0;tp:600;st:w;sR:8690;\"\n\t\t\t\t\t\t\t\tstyle=\"z-index:6;font-family:'Montserrat';\"\n\t\t\t\t\t\t\t>La sicurezza del personale \u00e8 fondamentale per il nostro <br\/>sviluppo.\n<br\/><br\/>\u00c8 una delle nostre preoccupazioni per gli anni a venire. \n\t\t\t\t\t\t\t<\/rs-layer><!--\n-->\t\t\t\t\t\t<\/rs-slide>\n\t\t\t\t\t<\/rs-slides>\n\t\t\t\t<\/rs-module>\n\t\t\t\t<script>\n\t\t\t\t\tsetREVStartSize({c: 'rev_slider_29_1',rl:[1240,1024,778,480],el:[],gw:[1024,1024,778,480],gh:[400,400,400,400],type:'standard',justify:'',layout:'fullwidth',mh:\"0\"});if (window.RS_MODULES!==undefined && window.RS_MODULES.modules!==undefined && window.RS_MODULES.modules[\"revslider291\"]!==undefined) {window.RS_MODULES.modules[\"revslider291\"].once = false;window.revapi29 = undefined;if (window.RS_MODULES.checkMinimal!==undefined) window.RS_MODULES.checkMinimal()}\n\t\t\t\t<\/script>\n\t\t\t<\/rs-module-wrap>\n\t\t\t<!-- END REVOLUTION SLIDER -->\n<\/div>\t\t\t<\/div>\n\t\t\t<\/aside><\/div>[\/vc_column][\/vc_row][vc_row full_width=&#8221;stretch_row_content_no_spaces&#8221;][vc_column][vc_empty_space height=&#8221;6.25em&#8221; alter_height=&#8221;none&#8221; hide_on_mobile=&#8221;&#8221;]<div  id=\"sc_promo_1448740060\" \n\tclass=\"scheme_default sc_promo sc_promo_default  vc_custom_1587552078518 sc_promo_size_normal sc_promo_image_position_right\"><div class=\"sc_promo_image\" style=\"background-image:url(https:\/\/eurorail.eu\/wp-content\/uploads\/2020\/03\/Eurorail.png);width:50%;right: 0;\"><\/div><div class=\"sc_promo_text\" style=\"width: 50%;float: left;\">\n\t\t\t<div class=\"sc_promo_text_inner\" style=\"\"><h6 class=\"sc_item_subtitle sc_promo_subtitle sc_align_default sc_item_title_style_default\">UN'AZIENDA DOVE IL VALORE UMANO \u00c8 IMPORTANTE<\/h6><h2 class=\"sc_item_title sc_promo_title sc_align_default sc_item_title_style_default\">I nostri valori<\/h2><div class=\"sc_item_descr sc_promo_descr sc_align_default\">Il valore umano \u00e8 importante per noi, le proposte dei nostri dipendenti sono prese in considerazione, il supporto di ciascuno di noi \u00e8 necessario per il proseguimento dello sviluppo aziendale.<br \/>\nScegliamo sempre la sicurezza come elemento portante del nostro sviluppo. \u00c8 una delle nostre preoccupazioni, ed elemento fondamentale in ogni nostro progetto.<br \/>\nNous faisons le choix d\u2019avoir comme \u00e9l\u00e9ment structurant de notre d\u00e9veloppement la s\u00e9curit\u00e9. Elle fait partie de nos pr\u00e9occupations, c'est un \u00e9l\u00e9ment fondamental de notre d\u00e9veloppement.<\/div><\/div>\n\t\t<\/div><!-- \/.sc_promo_text --><\/div><!-- \/.sc_promo -->[\/vc_column][\/vc_row][vc_row][vc_column][vc_empty_space height=&#8221;7em&#8221; alter_height=&#8221;none&#8221; hide_on_mobile=&#8221;&#8221;][\/vc_column][\/vc_row][vc_row][vc_column][vc_raw_js]JTNDc2NyaXB0JTIwdHlwZSUzRCUyN3RleHQlMkZqYXZhc2NyaXB0JTI3JTNFJTBBbGV0JTIwbGllblRpdHJlcyUyMCUzRCUyMGRvY3VtZW50LmdldEVsZW1lbnRzQnlDbGFzc05hbWUlMjglMjJzY19zZXJ2aWNlc19pdGVtX3RpdGxlJTIyJTI5JTNCJTBBJTBBaWYlMjhsaWVuVGl0cmVzJTVCMCU1RCUyMCUyMSUzRCUyMHVuZGVmaW5lZCUyMCUyMCUyOSUwQSU3QiUwQSUyMCUyMCUyMCUyMGxpZW5UaXRyZXMlNUIwJTVELmNoaWxkTm9kZXMlNUIwJTVELnJlbW92ZUF0dHJpYnV0ZSUyOCUyMmhyZWYlMjIlMjklM0IlMjAlMEElMjAlMjAlMjAlMjBsaWVuVGl0cmVzJTVCMSU1RC5jaGlsZE5vZGVzJTVCMCU1RC5yZW1vdmVBdHRyaWJ1dGUlMjglMjJocmVmJTIyJTI5JTNCJTIwJTBBJTIwJTIwJTIwJTIwbGllblRpdHJlcyU1QjIlNUQuY2hpbGROb2RlcyU1QjAlNUQucmVtb3ZlQXR0cmlidXRlJTI4JTIyaHJlZiUyMiUyOSUzQiUyMCUwQSU3RCUwQSUzQyUyRnNjcmlwdCUzRQ==[\/vc_raw_js][\/vc_column][\/vc_row]<\/p>\n","protected":false},"excerpt":{"rendered":"<p>[vc_row full_width=&#8221;stretch_row&#8221;][vc_column][rev_slider_vc alias=&#8221;Header_Regiorail_photos_it&#8221;][\/vc_column][\/vc_row][vc_row full_width=&#8221;stretch_row&#8221;][vc_column][vc_empty_space height=&#8221;3.3em&#8221; alter_height=&#8221;none&#8221; hide_on_mobile=&#8221;&#8221;][\/vc_column][\/vc_row][vc_row][vc_column][vc_empty_space height=&#8221;50px&#8221; hide_on_mobile=&#8221;&#8221;][\/vc_column][\/vc_row][vc_row full_width=&#8221;stretch_row&#8221; scheme=&#8221;dark&#8221; css=&#8221;.vc_custom_1584464192667{background-color: #123181 !important;}&#8221;][vc_column][vc_empty_space height=&#8221;6.25em&#8221; alter_height=&#8221;none&#8221; hide_on_mobile=&#8221;&#8221;][vc_column_text css_animation=&#8221;bounceInDown&#8221;] Una forte capacit\u00e0 di adattamento per affrontare sfide sempre diverse [\/vc_column_text][vc_empty_space height=&#8221;6.25em&#8221; alter_height=&#8221;none&#8221; hide_on_mobile=&#8221;&#8221;][\/vc_column][\/vc_row][vc_row full_width=&#8221;stretch_row_content_no_spaces&#8221;][vc_column][vc_empty_space height=&#8221;6.25em&#8221; alter_height=&#8221;none&#8221; hide_on_mobile=&#8221;&#8221;][\/vc_column][\/vc_row][vc_row][vc_column][vc_empty_space height=&#8221;8em&#8221; alter_height=&#8221;none&#8221; hide_on_mobile=&#8221;&#8221;][\/vc_column][\/vc_row][vc_row][vc_column][\/vc_column][\/vc_row][vc_row full_width=&#8221;stretch_row_content_no_spaces&#8221;][vc_column][vc_empty_space height=&#8221;6.25em&#8221; alter_height=&#8221;none&#8221; hide_on_mobile=&#8221;&#8221;][\/vc_column][\/vc_row][vc_row][vc_column][vc_empty_space height=&#8221;7em&#8221; alter_height=&#8221;none&#8221; hide_on_mobile=&#8221;&#8221;][\/vc_column][\/vc_row][vc_row][vc_column][vc_raw_js]JTNDc2NyaXB0JTIwdHlwZSUzRCUyN3RleHQlMkZqYXZhc2NyaXB0JTI3JTNFJTBBbGV0JTIwbGllblRpdHJlcyUyMCUzRCUyMGRvY3VtZW50LmdldEVsZW1lbnRzQnlDbGFzc05hbWUlMjglMjJzY19zZXJ2aWNlc19pdGVtX3RpdGxlJTIyJTI5JTNCJTBBJTBBaWYlMjhsaWVuVGl0cmVzJTVCMCU1RCUyMCUyMSUzRCUyMHVuZGVmaW5lZCUyMCUyMCUyOSUwQSU3QiUwQSUyMCUyMCUyMCUyMGxpZW5UaXRyZXMlNUIwJTVELmNoaWxkTm9kZXMlNUIwJTVELnJlbW92ZUF0dHJpYnV0ZSUyOCUyMmhyZWYlMjIlMjklM0IlMjAlMEElMjAlMjAlMjAlMjBsaWVuVGl0cmVzJTVCMSU1RC5jaGlsZE5vZGVzJTVCMCU1RC5yZW1vdmVBdHRyaWJ1dGUlMjglMjJocmVmJTIyJTI5JTNCJTIwJTBBJTIwJTIwJTIwJTIwbGllblRpdHJlcyU1QjIlNUQuY2hpbGROb2RlcyU1QjAlNUQucmVtb3ZlQXR0cmlidXRlJTI4JTIyaHJlZiUyMiUyOSUzQiUyMCUwQSU3RCUwQSUzQyUyRnNjcmlwdCUzRQ==[\/vc_raw_js][\/vc_column][\/vc_row]<\/p>\n","protected":false},"author":1,"featured_media":0,"parent":0,"menu_order":0,"comment_status":"closed","ping_status":"closed","template":"","meta":{"footnotes":""},"class_list":["post-3673","page","type-page","status-publish","hentry"],"yoast_head":"<!-- This site is optimized with the Yoast SEO plugin v27.5 - https:\/\/yoast.com\/product\/yoast-seo-wordpress\/ -->\n<title>Regiorail \u00e8 una societ\u00e0 ferroviaria sussidiaria del gruppo Eurorail<\/title>\n<meta name=\"description\" content=\"Regiorail \u00e8 un gruppo di operatori ferroviari locali che offre soluzioni e strumenti adeguati per il trasporto di merci.\" \/>\n<meta name=\"robots\" content=\"index, follow, max-snippet:-1, max-image-preview:large, max-video-preview:-1\" \/>\n<link rel=\"canonical\" href=\"https:\/\/eurorail.eu\/it\/regiorail\/\" \/>\n<meta property=\"og:locale\" content=\"it_IT\" \/>\n<meta property=\"og:type\" content=\"article\" \/>\n<meta property=\"og:title\" content=\"Regiorail \u00e8 una societ\u00e0 ferroviaria sussidiaria del gruppo Eurorail\" \/>\n<meta property=\"og:description\" content=\"Regiorail \u00e8 un gruppo di operatori ferroviari locali che offre soluzioni e strumenti adeguati per il trasporto di merci.\" \/>\n<meta property=\"og:url\" content=\"https:\/\/eurorail.eu\/it\/regiorail\/\" \/>\n<meta property=\"og:site_name\" content=\"Eurorail\" \/>\n<meta property=\"article:modified_time\" content=\"2020-04-27T12:45:39+00:00\" \/>\n<meta name=\"twitter:card\" content=\"summary_large_image\" \/>\n<meta name=\"twitter:label1\" content=\"Tempo di lettura stimato\" \/>\n\t<meta name=\"twitter:data1\" content=\"3 minuti\" \/>\n<script type=\"application\/ld+json\" class=\"yoast-schema-graph\">{\"@context\":\"https:\\\/\\\/schema.org\",\"@graph\":[{\"@type\":\"WebPage\",\"@id\":\"https:\\\/\\\/eurorail.eu\\\/it\\\/regiorail\\\/\",\"url\":\"https:\\\/\\\/eurorail.eu\\\/it\\\/regiorail\\\/\",\"name\":\"Regiorail \u00e8 una societ\u00e0 ferroviaria sussidiaria del gruppo Eurorail\",\"isPartOf\":{\"@id\":\"https:\\\/\\\/eurorail.eu\\\/it\\\/#website\"},\"datePublished\":\"2020-04-15T08:15:55+00:00\",\"dateModified\":\"2020-04-27T12:45:39+00:00\",\"description\":\"Regiorail \u00e8 un gruppo di operatori ferroviari locali che offre soluzioni e strumenti adeguati per il trasporto di merci.\",\"breadcrumb\":{\"@id\":\"https:\\\/\\\/eurorail.eu\\\/it\\\/regiorail\\\/#breadcrumb\"},\"inLanguage\":\"it-IT\",\"potentialAction\":[{\"@type\":\"ReadAction\",\"target\":[\"https:\\\/\\\/eurorail.eu\\\/it\\\/regiorail\\\/\"]}]},{\"@type\":\"BreadcrumbList\",\"@id\":\"https:\\\/\\\/eurorail.eu\\\/it\\\/regiorail\\\/#breadcrumb\",\"itemListElement\":[{\"@type\":\"ListItem\",\"position\":1,\"name\":\"Accueil\",\"item\":\"https:\\\/\\\/eurorail.eu\\\/it\\\/\"},{\"@type\":\"ListItem\",\"position\":2,\"name\":\"Entreprise Ferroviaire\"}]},{\"@type\":\"WebSite\",\"@id\":\"https:\\\/\\\/eurorail.eu\\\/it\\\/#website\",\"url\":\"https:\\\/\\\/eurorail.eu\\\/it\\\/\",\"name\":\"Eurorail\",\"description\":\"We integrate rail in a global logistic concept\",\"potentialAction\":[{\"@type\":\"SearchAction\",\"target\":{\"@type\":\"EntryPoint\",\"urlTemplate\":\"https:\\\/\\\/eurorail.eu\\\/it\\\/?s={search_term_string}\"},\"query-input\":{\"@type\":\"PropertyValueSpecification\",\"valueRequired\":true,\"valueName\":\"search_term_string\"}}],\"inLanguage\":\"it-IT\"}]}<\/script>\n<!-- \/ Yoast SEO plugin. -->","yoast_head_json":{"title":"Regiorail \u00e8 una societ\u00e0 ferroviaria sussidiaria del gruppo Eurorail","description":"Regiorail \u00e8 un gruppo di operatori ferroviari locali che offre soluzioni e strumenti adeguati per il trasporto di merci.","robots":{"index":"index","follow":"follow","max-snippet":"max-snippet:-1","max-image-preview":"max-image-preview:large","max-video-preview":"max-video-preview:-1"},"canonical":"https:\/\/eurorail.eu\/it\/regiorail\/","og_locale":"it_IT","og_type":"article","og_title":"Regiorail \u00e8 una societ\u00e0 ferroviaria sussidiaria del gruppo Eurorail","og_description":"Regiorail \u00e8 un gruppo di operatori ferroviari locali che offre soluzioni e strumenti adeguati per il trasporto di merci.","og_url":"https:\/\/eurorail.eu\/it\/regiorail\/","og_site_name":"Eurorail","article_modified_time":"2020-04-27T12:45:39+00:00","twitter_card":"summary_large_image","twitter_misc":{"Tempo di lettura stimato":"3 minuti"},"schema":{"@context":"https:\/\/schema.org","@graph":[{"@type":"WebPage","@id":"https:\/\/eurorail.eu\/it\/regiorail\/","url":"https:\/\/eurorail.eu\/it\/regiorail\/","name":"Regiorail \u00e8 una societ\u00e0 ferroviaria sussidiaria del gruppo Eurorail","isPartOf":{"@id":"https:\/\/eurorail.eu\/it\/#website"},"datePublished":"2020-04-15T08:15:55+00:00","dateModified":"2020-04-27T12:45:39+00:00","description":"Regiorail \u00e8 un gruppo di operatori ferroviari locali che offre soluzioni e strumenti adeguati per il trasporto di merci.","breadcrumb":{"@id":"https:\/\/eurorail.eu\/it\/regiorail\/#breadcrumb"},"inLanguage":"it-IT","potentialAction":[{"@type":"ReadAction","target":["https:\/\/eurorail.eu\/it\/regiorail\/"]}]},{"@type":"BreadcrumbList","@id":"https:\/\/eurorail.eu\/it\/regiorail\/#breadcrumb","itemListElement":[{"@type":"ListItem","position":1,"name":"Accueil","item":"https:\/\/eurorail.eu\/it\/"},{"@type":"ListItem","position":2,"name":"Entreprise Ferroviaire"}]},{"@type":"WebSite","@id":"https:\/\/eurorail.eu\/it\/#website","url":"https:\/\/eurorail.eu\/it\/","name":"Eurorail","description":"We integrate rail in a global logistic concept","potentialAction":[{"@type":"SearchAction","target":{"@type":"EntryPoint","urlTemplate":"https:\/\/eurorail.eu\/it\/?s={search_term_string}"},"query-input":{"@type":"PropertyValueSpecification","valueRequired":true,"valueName":"search_term_string"}}],"inLanguage":"it-IT"}]}},"_links":{"self":[{"href":"https:\/\/eurorail.eu\/it\/wp-json\/wp\/v2\/pages\/3673","targetHints":{"allow":["GET"]}}],"collection":[{"href":"https:\/\/eurorail.eu\/it\/wp-json\/wp\/v2\/pages"}],"about":[{"href":"https:\/\/eurorail.eu\/it\/wp-json\/wp\/v2\/types\/page"}],"author":[{"embeddable":true,"href":"https:\/\/eurorail.eu\/it\/wp-json\/wp\/v2\/users\/1"}],"replies":[{"embeddable":true,"href":"https:\/\/eurorail.eu\/it\/wp-json\/wp\/v2\/comments?post=3673"}],"version-history":[{"count":10,"href":"https:\/\/eurorail.eu\/it\/wp-json\/wp\/v2\/pages\/3673\/revisions"}],"predecessor-version":[{"id":4185,"href":"https:\/\/eurorail.eu\/it\/wp-json\/wp\/v2\/pages\/3673\/revisions\/4185"}],"wp:attachment":[{"href":"https:\/\/eurorail.eu\/it\/wp-json\/wp\/v2\/media?parent=3673"}],"curies":[{"name":"wp","href":"https:\/\/api.w.org\/{rel}","templated":true}]}}