{"id":3704,"date":"2020-04-15T09:28:50","date_gmt":"2020-04-15T09:28:50","guid":{"rendered":"https:\/\/eurorail.adeo-dev.fr\/entreprise-ferroviaire\/"},"modified":"2020-04-27T13:51:58","modified_gmt":"2020-04-27T12:51:58","slug":"entreprise-ferroviaire","status":"publish","type":"page","link":"https:\/\/eurorail.eu\/nl\/entreprise-ferroviaire\/","title":{"rendered":"Entreprise Ferroviaire"},"content":{"rendered":"<p>[vc_row full_width=&#8221;stretch_row&#8221;][vc_column][rev_slider_vc alias=&#8221;header_regiorail_photos_ned&#8221;][\/vc_column][\/vc_row][vc_row full_width=&#8221;stretch_row&#8221;][vc_column][vc_empty_space height=&#8221;3.3em&#8221; alter_height=&#8221;none&#8221; hide_on_mobile=&#8221;&#8221;]<div  id=\"sc_services_147264027\"            class=\"sc_services sc_services_default\" data-slides-per-view=\"3\" data-interval=\"0\" data-slides-min-width=\"200\"\t\t>\n\t\t<h6 class=\"sc_item_subtitle sc_services_subtitle sc_align_default sc_item_title_style_default\">NETWERK VAN LOKALE ``SHORTLINER`` DIENSTEN<\/h6><h2 class=\"sc_item_title sc_services_title sc_align_default sc_item_title_style_default\">Denk RegioRail, denk netwerk !<\/h2><div class=\"sc_services_columns sc_item_columns trx_addons_columns_wrap columns_padding_bottom\"><div class=\"trx_addons_column-1_3\"><div class=\"sc_services_item with_icon sc_services_item_featured_top\">\n\t<a href=\"https:\/\/eurorail.eu\/nl\/services\/la-solution\/\"\n\t\t\t id=\"sc_services_147264027_icon-hour\"\n\t\t\t class=\"sc_services_item_icon icon-hour\"\n\t\t\t ><\/a>\t\n\t<div class=\"sc_services_item_info\">\n\t\t<div class=\"sc_services_item_header\">\n\t\t\t<h4 class=\"sc_services_item_title\"><a href=\"https:\/\/eurorail.eu\/nl\/services\/la-solution\/\">De oplossing<\/a><\/h4>\n\t\t\t<!--<div class=\"sc_services_item_subtitle\"><a href=\"https:\/\/eurorail.eu\/nl\/services_group\/icon-services-nl\/\" title=\"View all posts in Icon Services\">Icon Services<\/a><\/div> -->\n\t\t<\/div>\n\t\t\t\t\t<div class=\"sc_services_item_content\"><p>RegioRail is opgebouwd als netwerk van verscheidene locale units, met de mogelijkheid tot spreiden van bepaalde vaste kosten, welke heel belangrijk zijn bij spoorondernemingen. <\/p>\n<\/div>\n\t\t\t\t\t\t<\/div>\n<\/div>\n<\/div><div class=\"trx_addons_column-1_3\"><div class=\"sc_services_item with_icon sc_services_item_featured_top\">\n\t<a href=\"https:\/\/eurorail.eu\/nl\/services\/le-challenge\/\"\n\t\t\t id=\"sc_services_147264027_icon-sphere-1\"\n\t\t\t class=\"sc_services_item_icon icon-sphere-1\"\n\t\t\t ><\/a>\t\n\t<div class=\"sc_services_item_info\">\n\t\t<div class=\"sc_services_item_header\">\n\t\t\t<h4 class=\"sc_services_item_title\"><a href=\"https:\/\/eurorail.eu\/nl\/services\/le-challenge\/\">De uitdaging<\/a><\/h4>\n\t\t\t<!--<div class=\"sc_services_item_subtitle\"><a href=\"https:\/\/eurorail.eu\/nl\/services_group\/icon-services-nl\/\" title=\"View all posts in Icon Services\">Icon Services<\/a><\/div> -->\n\t\t<\/div>\n\t\t\t\t\t<div class=\"sc_services_item_content\"><p>Een neutraal netwerk van &#8220;shortline&#8221; diensten uitbouwen maar waar mogelijk uitwisselen met die SpoorOndernemingen meer gespecialiseerd in de &#8220;lange afstand&#8221;. <\/p>\n<\/div>\n\t\t\t\t\t\t<\/div>\n<\/div>\n<\/div><div class=\"trx_addons_column-1_3\"><div class=\"sc_services_item with_icon sc_services_item_featured_top\">\n\t<a href=\"https:\/\/eurorail.eu\/nl\/services\/la-proximite\/\"\n\t\t\t id=\"sc_services_147264027_icon-rail\"\n\t\t\t class=\"sc_services_item_icon icon-rail\"\n\t\t\t ><\/a>\t\n\t<div class=\"sc_services_item_info\">\n\t\t<div class=\"sc_services_item_header\">\n\t\t\t<h4 class=\"sc_services_item_title\"><a href=\"https:\/\/eurorail.eu\/nl\/services\/la-proximite\/\">Nabijheid<\/a><\/h4>\n\t\t\t<!--<div class=\"sc_services_item_subtitle\"><a href=\"https:\/\/eurorail.eu\/nl\/services_group\/icon-services-nl\/\" title=\"View all posts in Icon Services\">Icon Services<\/a><\/div> -->\n\t\t<\/div>\n\t\t\t\t\t<div class=\"sc_services_item_content\"><p>Aangezien elk dossier uniek is, stellen we oplosssingen voor die specifiek zijn voor elke aanvraag, daarbij gebruik makend van de voor uw producten best aangepaste middelen.<\/p>\n<\/div>\n\t\t\t\t\t\t<\/div>\n<\/div>\n<\/div><\/div><\/div><!-- \/.sc_services -->[\/vc_column][\/vc_row][vc_row][vc_column][vc_empty_space height=&#8221;50px&#8221; hide_on_mobile=&#8221;&#8221;][\/vc_column][\/vc_row][vc_row full_width=&#8221;stretch_row&#8221; scheme=&#8221;dark&#8221; css=&#8221;.vc_custom_1584464192667{background-color: #123181 !important;}&#8221;][vc_column][vc_empty_space height=&#8221;6.25em&#8221; alter_height=&#8221;none&#8221; hide_on_mobile=&#8221;&#8221;][vc_column_text css_animation=&#8221;bounceInDown&#8221;]<\/p>\n<h2 style=\"text-align: center;\">Une forte capacit\u00e9 de d\u00e9ploiement, pour relever d&#8217;importants enjeux<\/h2>\n<p>[\/vc_column_text][vc_empty_space height=&#8221;6.25em&#8221; alter_height=&#8221;none&#8221; hide_on_mobile=&#8221;&#8221;][\/vc_column][\/vc_row][vc_row full_width=&#8221;stretch_row_content_no_spaces&#8221;][vc_column][vc_empty_space height=&#8221;6.25em&#8221; alter_height=&#8221;none&#8221; hide_on_mobile=&#8221;&#8221;]<div  id=\"sc_promo_919210046\" \n\tclass=\"scheme_default sc_promo sc_promo_default  vc_custom_1586335210247 sc_promo_size_normal sc_promo_image_position_left\"><div class=\"sc_promo_image\" style=\"background-image:url(https:\/\/eurorail.eu\/wp-content\/uploads\/2020\/03\/Regiorail-scaled.jpg);width:50%;left: 0;\"><\/div><div class=\"sc_promo_text\" style=\"width: 50%;float: right;\">\n\t\t\t<div class=\"sc_promo_text_inner\" style=\"\"><h6 class=\"sc_item_subtitle sc_promo_subtitle sc_align_default sc_item_title_style_default\">Filiale du groupe Eurorail<\/h6><h2 class=\"sc_item_title sc_promo_title sc_align_default sc_item_title_style_default\">Regiorail France :<\/h2><div class=\"sc_item_descr sc_promo_descr sc_align_default\">Regiorail, c\u2019est avant tout une entreprise nouvelle, jeune,<br \/>\nr\u00e9active, et qui a fait de la proximit\u00e9 sa priorit\u00e9.<\/p>\n<p>La co-entreprise RegioRail est n\u00e9e de la volont\u00e9 de deux actionnaires \u00e0 50\/50 \u2013 le logisticien Belge Eurorail et la soci\u00e9t\u00e9 am\u00e9ricaine d\u2019investissement et de gestion ferroviaire Railroad Development Corporation (RDC) et de se positionner sur le march\u00e9 de la proximit\u00e9 et de la massification.<\/div><\/div>\n\t\t<\/div><!-- \/.sc_promo_text --><\/div><!-- \/.sc_promo -->[\/vc_column][\/vc_row][vc_row][vc_column][vc_empty_space height=&#8221;8em&#8221; alter_height=&#8221;none&#8221; hide_on_mobile=&#8221;&#8221;][\/vc_column][\/vc_row][vc_row][vc_column]<div id=\"widget_slider_1798879196\" class=\"widget_area sc_widget_slider vc_widget_slider wpb_content_element\"><aside id=\"widget_slider_1798879196_widget\" class=\"widget widget_slider\">\t\t\t<div class=\"slider_wrap slider_engine_revo slider_alias_bottom_regiorail_photos_ned\">\n\t\t\t\t<div class=\"wp-block-themepunch-revslider 0\">\n\t\t\t<!-- START Bottom_Regiorail_photos_ned REVOLUTION SLIDER 6.5.31 --><p class=\"rs-p-wp-fix\"><\/p>\n\t\t\t<rs-module-wrap id=\"rev_slider_28_1_wrapper\" data-source=\"gallery\" style=\"visibility:hidden;background:transparent;padding:0;margin:0px auto;margin-top:0;margin-bottom:0;\">\n\t\t\t\t<rs-module id=\"rev_slider_28_1\" style=\"\" data-version=\"6.5.31\">\n\t\t\t\t\t<rs-slides>\n\t\t\t\t\t\t<rs-slide style=\"position: absolute;\" data-key=\"rs-116\" data-title=\"Slide\" data-anim=\"adpr:false;\">\n\t\t\t\t\t\t\t<img decoding=\"async\" src=\"\/\/eurorail.eu\/wp-content\/plugins\/revslider\/public\/assets\/assets\/dummy.png\" alt=\"\" title=\"Nabijheid\" class=\"rev-slidebg tp-rs-img rs-lazyload\" data-lazyload=\"\/\/eurorail.eu\/wp-content\/uploads\/2020\/03\/Eurorail.png\" data-no-retina>\n<!--\n\t\t\t\t\t\t\t--><rs-layer\n\t\t\t\t\t\t\t\tid=\"slider-28-slide-116-layer-2\" \n\t\t\t\t\t\t\t\tclass=\"tp-shape tp-shapewrapper\"\n\t\t\t\t\t\t\t\tdata-type=\"shape\"\n\t\t\t\t\t\t\t\tdata-rsp_ch=\"on\"\n\t\t\t\t\t\t\t\tdata-xy=\"x:c;xo:-32px,-13px,-3px,-1px;y:m;yo:-3px;\"\n\t\t\t\t\t\t\t\tdata-text=\"a:inherit;\"\n\t\t\t\t\t\t\t\tdata-dim=\"w:694px,694px,694px,487px;h:168,168,168,176px;\"\n\t\t\t\t\t\t\t\tdata-frame_0=\"tp:600;\"\n\t\t\t\t\t\t\t\tdata-frame_1=\"tp:600;sR:10;\"\n\t\t\t\t\t\t\t\tdata-frame_999=\"o:0;tp:600;st:w;sR:8690;\"\n\t\t\t\t\t\t\t\tstyle=\"z-index:5;background-color:rgba(18,49,129,0.5);\"\n\t\t\t\t\t\t\t> \n\t\t\t\t\t\t\t<\/rs-layer><!--\n\n\t\t\t\t\t\t\t--><rs-layer\n\t\t\t\t\t\t\t\tid=\"slider-28-slide-116-layer-7\" \n\t\t\t\t\t\t\t\tdata-type=\"text\"\n\t\t\t\t\t\t\t\tdata-rsp_ch=\"on\"\n\t\t\t\t\t\t\t\tdata-xy=\"x:c;xo:-34px,-16px,-4px,0;yo:155px,155px,152px,155px;\"\n\t\t\t\t\t\t\t\tdata-text=\"s:20,20,20,15;l:22,22,22,22;fw:600;a:center;\"\n\t\t\t\t\t\t\t\tdata-dim=\"w:609px,569px,616px,569px;h:94px,90px,91px,90px;\"\n\t\t\t\t\t\t\t\tdata-frame_0=\"tp:600;\"\n\t\t\t\t\t\t\t\tdata-frame_1=\"tp:600;sR:10;\"\n\t\t\t\t\t\t\t\tdata-frame_999=\"o:0;tp:600;st:w;sR:8690;\"\n\t\t\t\t\t\t\t\tstyle=\"z-index:6;font-family:'Montserrat';\"\n\t\t\t\t\t\t\t>La s\u00e9curit\u00e9 du personnels est un \u00e9l\u00e9ment fondamental<br > pour notre d\u00e9veloppement.<br><br>Il fait partie de nos pr\u00e9occupations pour les ann\u00e9es \u00e0 venir.\n \n\t\t\t\t\t\t\t<\/rs-layer><!--\n-->\t\t\t\t\t\t<\/rs-slide>\n\t\t\t\t\t<\/rs-slides>\n\t\t\t\t<\/rs-module>\n\t\t\t\t<script>\n\t\t\t\t\tsetREVStartSize({c: 'rev_slider_28_1',rl:[1240,1024,778,480],el:[],gw:[1024,1024,778,480],gh:[400,400,400,400],type:'standard',justify:'',layout:'fullwidth',mh:\"0\"});if (window.RS_MODULES!==undefined && window.RS_MODULES.modules!==undefined && window.RS_MODULES.modules[\"revslider281\"]!==undefined) {window.RS_MODULES.modules[\"revslider281\"].once = false;window.revapi28 = undefined;if (window.RS_MODULES.checkMinimal!==undefined) window.RS_MODULES.checkMinimal()}\n\t\t\t\t<\/script>\n\t\t\t<\/rs-module-wrap>\n\t\t\t<!-- END REVOLUTION SLIDER -->\n<\/div>\t\t\t<\/div>\n\t\t\t<\/aside><\/div>[\/vc_column][\/vc_row][vc_row full_width=&#8221;stretch_row_content_no_spaces&#8221;][vc_column][vc_empty_space height=&#8221;6.25em&#8221; alter_height=&#8221;none&#8221; hide_on_mobile=&#8221;&#8221;]<div  id=\"sc_promo_1111227433\" \n\tclass=\"scheme_default sc_promo sc_promo_default  vc_custom_1586334487923 sc_promo_size_normal sc_promo_image_position_right\"><div class=\"sc_promo_image\" style=\"background-image:url(https:\/\/eurorail.eu\/wp-content\/uploads\/2020\/03\/Eurorail.png);width:50%;right: 0;\"><\/div><div class=\"sc_promo_text\" style=\"width: 50%;float: left;\">\n\t\t\t<div class=\"sc_promo_text_inner\" style=\"\"><h6 class=\"sc_item_subtitle sc_promo_subtitle sc_align_default sc_item_title_style_default\">Une entreprise o\u00f9 la valeur humaine est importante<\/h6><h2 class=\"sc_item_title sc_promo_title sc_align_default sc_item_title_style_default\">Nos valeurs<\/h2><div class=\"sc_item_descr sc_promo_descr sc_align_default\">La valeur humaine est pour nous importante, les propositions de nos salari\u00e9s sont prises en compte, l\u2019accompagnement de chacun permet d\u2019accompagner le d\u00e9veloppement<\/p>\n<p>Nous faisons le choix d\u2019avoir comme \u00e9l\u00e9ment structurant de notre d\u00e9veloppement la s\u00e9curit\u00e9. Elle fait partie de nos pr\u00e9occupations, c'est un \u00e9l\u00e9ment fondamental de notre d\u00e9veloppement.<\/div><\/div>\n\t\t<\/div><!-- \/.sc_promo_text --><\/div><!-- \/.sc_promo -->[\/vc_column][\/vc_row][vc_row][vc_column][vc_empty_space height=&#8221;7em&#8221; alter_height=&#8221;none&#8221; hide_on_mobile=&#8221;&#8221;][\/vc_column][\/vc_row][vc_row][vc_column][vc_raw_js]JTNDc2NyaXB0JTIwdHlwZSUzRCUyN3RleHQlMkZqYXZhc2NyaXB0JTI3JTNFJTBBbGV0JTIwbGllblRpdHJlcyUyMCUzRCUyMGRvY3VtZW50LmdldEVsZW1lbnRzQnlDbGFzc05hbWUlMjglMjJzY19zZXJ2aWNlc19pdGVtX3RpdGxlJTIyJTI5JTNCJTBBJTBBaWYlMjhsaWVuVGl0cmVzJTVCMCU1RCUyMCUyMSUzRCUyMHVuZGVmaW5lZCUyMCUyMCUyOSUwQSU3QiUwQSUyMCUyMCUyMCUyMGxpZW5UaXRyZXMlNUIwJTVELmNoaWxkTm9kZXMlNUIwJTVELnJlbW92ZUF0dHJpYnV0ZSUyOCUyMmhyZWYlMjIlMjklM0IlMjAlMEElMjAlMjAlMjAlMjBsaWVuVGl0cmVzJTVCMSU1RC5jaGlsZE5vZGVzJTVCMCU1RC5yZW1vdmVBdHRyaWJ1dGUlMjglMjJocmVmJTIyJTI5JTNCJTIwJTBBJTIwJTIwJTIwJTIwbGllblRpdHJlcyU1QjIlNUQuY2hpbGROb2RlcyU1QjAlNUQucmVtb3ZlQXR0cmlidXRlJTI4JTIyaHJlZiUyMiUyOSUzQiUyMCUwQSU3RCUwQSUzQyUyRnNjcmlwdCUzRQ==[\/vc_raw_js][\/vc_column][\/vc_row]<\/p>\n","protected":false},"excerpt":{"rendered":"<p>[vc_row full_width=&#8221;stretch_row&#8221;][vc_column][rev_slider_vc alias=&#8221;header_regiorail_photos_ned&#8221;][\/vc_column][\/vc_row][vc_row full_width=&#8221;stretch_row&#8221;][vc_column][vc_empty_space height=&#8221;3.3em&#8221; alter_height=&#8221;none&#8221; hide_on_mobile=&#8221;&#8221;][\/vc_column][\/vc_row][vc_row][vc_column][vc_empty_space height=&#8221;50px&#8221; hide_on_mobile=&#8221;&#8221;][\/vc_column][\/vc_row][vc_row full_width=&#8221;stretch_row&#8221; scheme=&#8221;dark&#8221; css=&#8221;.vc_custom_1584464192667{background-color: #123181 !important;}&#8221;][vc_column][vc_empty_space height=&#8221;6.25em&#8221; alter_height=&#8221;none&#8221; hide_on_mobile=&#8221;&#8221;][vc_column_text css_animation=&#8221;bounceInDown&#8221;] Une forte capacit\u00e9 de d\u00e9ploiement, pour relever d&#8217;importants enjeux [\/vc_column_text][vc_empty_space height=&#8221;6.25em&#8221; alter_height=&#8221;none&#8221; hide_on_mobile=&#8221;&#8221;][\/vc_column][\/vc_row][vc_row full_width=&#8221;stretch_row_content_no_spaces&#8221;][vc_column][vc_empty_space height=&#8221;6.25em&#8221; alter_height=&#8221;none&#8221; hide_on_mobile=&#8221;&#8221;][\/vc_column][\/vc_row][vc_row][vc_column][vc_empty_space height=&#8221;8em&#8221; alter_height=&#8221;none&#8221; hide_on_mobile=&#8221;&#8221;][\/vc_column][\/vc_row][vc_row][vc_column][\/vc_column][\/vc_row][vc_row full_width=&#8221;stretch_row_content_no_spaces&#8221;][vc_column][vc_empty_space height=&#8221;6.25em&#8221; alter_height=&#8221;none&#8221; hide_on_mobile=&#8221;&#8221;][\/vc_column][\/vc_row][vc_row][vc_column][vc_empty_space height=&#8221;7em&#8221; alter_height=&#8221;none&#8221; hide_on_mobile=&#8221;&#8221;][\/vc_column][\/vc_row][vc_row][vc_column][vc_raw_js]JTNDc2NyaXB0JTIwdHlwZSUzRCUyN3RleHQlMkZqYXZhc2NyaXB0JTI3JTNFJTBBbGV0JTIwbGllblRpdHJlcyUyMCUzRCUyMGRvY3VtZW50LmdldEVsZW1lbnRzQnlDbGFzc05hbWUlMjglMjJzY19zZXJ2aWNlc19pdGVtX3RpdGxlJTIyJTI5JTNCJTBBJTBBaWYlMjhsaWVuVGl0cmVzJTVCMCU1RCUyMCUyMSUzRCUyMHVuZGVmaW5lZCUyMCUyMCUyOSUwQSU3QiUwQSUyMCUyMCUyMCUyMGxpZW5UaXRyZXMlNUIwJTVELmNoaWxkTm9kZXMlNUIwJTVELnJlbW92ZUF0dHJpYnV0ZSUyOCUyMmhyZWYlMjIlMjklM0IlMjAlMEElMjAlMjAlMjAlMjBsaWVuVGl0cmVzJTVCMSU1RC5jaGlsZE5vZGVzJTVCMCU1RC5yZW1vdmVBdHRyaWJ1dGUlMjglMjJocmVmJTIyJTI5JTNCJTIwJTBBJTIwJTIwJTIwJTIwbGllblRpdHJlcyU1QjIlNUQuY2hpbGROb2RlcyU1QjAlNUQucmVtb3ZlQXR0cmlidXRlJTI4JTIyaHJlZiUyMiUyOSUzQiUyMCUwQSU3RCUwQSUzQyUyRnNjcmlwdCUzRQ==[\/vc_raw_js][\/vc_column][\/vc_row]<\/p>\n","protected":false},"author":1,"featured_media":0,"parent":0,"menu_order":0,"comment_status":"closed","ping_status":"closed","template":"","meta":{"footnotes":""},"class_list":["post-3704","page","type-page","status-publish","hentry"],"yoast_head":"<!-- This site is optimized with the Yoast SEO plugin v27.5 - https:\/\/yoast.com\/product\/yoast-seo-wordpress\/ -->\n<title>Regiorail entreprise ferroviaire filale du groupe Eurorail<\/title>\n<meta name=\"description\" content=\"Regiorail est un groupement d&#039;op\u00e9rateur ferroviaire de proximit\u00e9 qui propose des solutions adapt\u00e9es et des outils n\u00e9cessaires au transport de marchandises.\" \/>\n<meta name=\"robots\" content=\"index, follow, max-snippet:-1, max-image-preview:large, max-video-preview:-1\" \/>\n<link rel=\"canonical\" href=\"https:\/\/eurorail.eu\/nl\/entreprise-ferroviaire\/\" \/>\n<meta property=\"og:locale\" content=\"nl_NL\" \/>\n<meta property=\"og:type\" content=\"article\" \/>\n<meta property=\"og:title\" content=\"Regiorail entreprise ferroviaire filale du groupe Eurorail\" \/>\n<meta property=\"og:description\" content=\"Regiorail est un groupement d&#039;op\u00e9rateur ferroviaire de proximit\u00e9 qui propose des solutions adapt\u00e9es et des outils n\u00e9cessaires au transport de marchandises.\" \/>\n<meta property=\"og:url\" content=\"https:\/\/eurorail.eu\/nl\/entreprise-ferroviaire\/\" \/>\n<meta property=\"og:site_name\" content=\"Eurorail\" \/>\n<meta property=\"article:modified_time\" content=\"2020-04-27T12:51:58+00:00\" \/>\n<meta name=\"twitter:card\" content=\"summary_large_image\" \/>\n<meta name=\"twitter:label1\" content=\"Geschatte leestijd\" \/>\n\t<meta name=\"twitter:data1\" content=\"3 minuten\" \/>\n<script type=\"application\/ld+json\" class=\"yoast-schema-graph\">{\"@context\":\"https:\\\/\\\/schema.org\",\"@graph\":[{\"@type\":\"WebPage\",\"@id\":\"https:\\\/\\\/eurorail.eu\\\/nl\\\/entreprise-ferroviaire\\\/\",\"url\":\"https:\\\/\\\/eurorail.eu\\\/nl\\\/entreprise-ferroviaire\\\/\",\"name\":\"Regiorail entreprise ferroviaire filale du groupe Eurorail\",\"isPartOf\":{\"@id\":\"https:\\\/\\\/eurorail.eu\\\/nl\\\/#website\"},\"datePublished\":\"2020-04-15T09:28:50+00:00\",\"dateModified\":\"2020-04-27T12:51:58+00:00\",\"description\":\"Regiorail est un groupement d'op\u00e9rateur ferroviaire de proximit\u00e9 qui propose des solutions adapt\u00e9es et des outils n\u00e9cessaires au transport de marchandises.\",\"breadcrumb\":{\"@id\":\"https:\\\/\\\/eurorail.eu\\\/nl\\\/entreprise-ferroviaire\\\/#breadcrumb\"},\"inLanguage\":\"nl-NL\",\"potentialAction\":[{\"@type\":\"ReadAction\",\"target\":[\"https:\\\/\\\/eurorail.eu\\\/nl\\\/entreprise-ferroviaire\\\/\"]}]},{\"@type\":\"BreadcrumbList\",\"@id\":\"https:\\\/\\\/eurorail.eu\\\/nl\\\/entreprise-ferroviaire\\\/#breadcrumb\",\"itemListElement\":[{\"@type\":\"ListItem\",\"position\":1,\"name\":\"Accueil\",\"item\":\"https:\\\/\\\/eurorail.eu\\\/nl\\\/\"},{\"@type\":\"ListItem\",\"position\":2,\"name\":\"Entreprise Ferroviaire\"}]},{\"@type\":\"WebSite\",\"@id\":\"https:\\\/\\\/eurorail.eu\\\/nl\\\/#website\",\"url\":\"https:\\\/\\\/eurorail.eu\\\/nl\\\/\",\"name\":\"Eurorail\",\"description\":\"We integrate rail in a global logistic concept\",\"potentialAction\":[{\"@type\":\"SearchAction\",\"target\":{\"@type\":\"EntryPoint\",\"urlTemplate\":\"https:\\\/\\\/eurorail.eu\\\/nl\\\/?s={search_term_string}\"},\"query-input\":{\"@type\":\"PropertyValueSpecification\",\"valueRequired\":true,\"valueName\":\"search_term_string\"}}],\"inLanguage\":\"nl-NL\"}]}<\/script>\n<!-- \/ Yoast SEO plugin. -->","yoast_head_json":{"title":"Regiorail entreprise ferroviaire filale du groupe Eurorail","description":"Regiorail est un groupement d'op\u00e9rateur ferroviaire de proximit\u00e9 qui propose des solutions adapt\u00e9es et des outils n\u00e9cessaires au transport de marchandises.","robots":{"index":"index","follow":"follow","max-snippet":"max-snippet:-1","max-image-preview":"max-image-preview:large","max-video-preview":"max-video-preview:-1"},"canonical":"https:\/\/eurorail.eu\/nl\/entreprise-ferroviaire\/","og_locale":"nl_NL","og_type":"article","og_title":"Regiorail entreprise ferroviaire filale du groupe Eurorail","og_description":"Regiorail est un groupement d'op\u00e9rateur ferroviaire de proximit\u00e9 qui propose des solutions adapt\u00e9es et des outils n\u00e9cessaires au transport de marchandises.","og_url":"https:\/\/eurorail.eu\/nl\/entreprise-ferroviaire\/","og_site_name":"Eurorail","article_modified_time":"2020-04-27T12:51:58+00:00","twitter_card":"summary_large_image","twitter_misc":{"Geschatte leestijd":"3 minuten"},"schema":{"@context":"https:\/\/schema.org","@graph":[{"@type":"WebPage","@id":"https:\/\/eurorail.eu\/nl\/entreprise-ferroviaire\/","url":"https:\/\/eurorail.eu\/nl\/entreprise-ferroviaire\/","name":"Regiorail entreprise ferroviaire filale du groupe Eurorail","isPartOf":{"@id":"https:\/\/eurorail.eu\/nl\/#website"},"datePublished":"2020-04-15T09:28:50+00:00","dateModified":"2020-04-27T12:51:58+00:00","description":"Regiorail est un groupement d'op\u00e9rateur ferroviaire de proximit\u00e9 qui propose des solutions adapt\u00e9es et des outils n\u00e9cessaires au transport de marchandises.","breadcrumb":{"@id":"https:\/\/eurorail.eu\/nl\/entreprise-ferroviaire\/#breadcrumb"},"inLanguage":"nl-NL","potentialAction":[{"@type":"ReadAction","target":["https:\/\/eurorail.eu\/nl\/entreprise-ferroviaire\/"]}]},{"@type":"BreadcrumbList","@id":"https:\/\/eurorail.eu\/nl\/entreprise-ferroviaire\/#breadcrumb","itemListElement":[{"@type":"ListItem","position":1,"name":"Accueil","item":"https:\/\/eurorail.eu\/nl\/"},{"@type":"ListItem","position":2,"name":"Entreprise Ferroviaire"}]},{"@type":"WebSite","@id":"https:\/\/eurorail.eu\/nl\/#website","url":"https:\/\/eurorail.eu\/nl\/","name":"Eurorail","description":"We integrate rail in a global logistic concept","potentialAction":[{"@type":"SearchAction","target":{"@type":"EntryPoint","urlTemplate":"https:\/\/eurorail.eu\/nl\/?s={search_term_string}"},"query-input":{"@type":"PropertyValueSpecification","valueRequired":true,"valueName":"search_term_string"}}],"inLanguage":"nl-NL"}]}},"_links":{"self":[{"href":"https:\/\/eurorail.eu\/nl\/wp-json\/wp\/v2\/pages\/3704","targetHints":{"allow":["GET"]}}],"collection":[{"href":"https:\/\/eurorail.eu\/nl\/wp-json\/wp\/v2\/pages"}],"about":[{"href":"https:\/\/eurorail.eu\/nl\/wp-json\/wp\/v2\/types\/page"}],"author":[{"embeddable":true,"href":"https:\/\/eurorail.eu\/nl\/wp-json\/wp\/v2\/users\/1"}],"replies":[{"embeddable":true,"href":"https:\/\/eurorail.eu\/nl\/wp-json\/wp\/v2\/comments?post=3704"}],"version-history":[{"count":14,"href":"https:\/\/eurorail.eu\/nl\/wp-json\/wp\/v2\/pages\/3704\/revisions"}],"predecessor-version":[{"id":4187,"href":"https:\/\/eurorail.eu\/nl\/wp-json\/wp\/v2\/pages\/3704\/revisions\/4187"}],"wp:attachment":[{"href":"https:\/\/eurorail.eu\/nl\/wp-json\/wp\/v2\/media?parent=3704"}],"curies":[{"name":"wp","href":"https:\/\/api.w.org\/{rel}","templated":true}]}}